{"id":9959,"date":"2025-04-14T21:39:17","date_gmt":"2025-04-14T21:39:17","guid":{"rendered":"https:\/\/www.emindset30.com\/?post_type=product&#038;p=9959"},"modified":"2025-04-15T02:13:04","modified_gmt":"2025-04-15T02:13:04","slug":"tazon-emindset-30","status":"publish","type":"product","link":"https:\/\/www.emindset30.com\/es_es\/producto\/tazon-emindset-30\/","title":{"rendered":"Taz\u00f3n EMindset 3.0"},"content":{"rendered":"<p style=\"text-align: justify;\"><span style=\"font-size: 13pt; color: #000000;\">Taz\u00f3n cer\u00e1mico color negro y estampado recubierto marca <strong>EMindset 3.0<\/strong>, tama\u00f1o grande 15 Oz. (11.5 cm. de alto x 8.6 cm. de di\u00e1metro e impresi\u00f3n: 21.8 cm. x 9.4 cm.)<\/span><\/p>\n<p>&nbsp;<\/p>","protected":false},"excerpt":{"rendered":"<p style=\"text-align: justify;\"><span style=\"font-size: 13pt; color: #000000;\">Taz\u00f3n cer\u00e1mico color negro y estampado recubierto marca <strong>EMindset 3.0<\/strong>, tama\u00f1o grande 15 Oz. (11.5 cm. de alto x 8.6 cm. de di\u00e1metro e impresi\u00f3n: 21.8 cm. x 9.4 cm.)<\/span><\/p>","protected":false},"featured_media":9961,"menu_order":0,"comment_status":"open","ping_status":"closed","template":"","meta":[],"product_brand":[96],"product_cat":[53],"product_tag":[],"class_list":{"0":"post-9959","1":"product","2":"type-product","3":"status-publish","4":"has-post-thumbnail","6":"product_brand-emindset-30","7":"product_cat-tazon","9":"first","10":"instock","11":"sale","12":"shipping-taxable","13":"purchasable","14":"product-type-simple"},"_links":{"self":[{"href":"https:\/\/www.emindset30.com\/es_es\/wp-json\/wp\/v2\/product\/9959","targetHints":{"allow":["GET"]}}],"collection":[{"href":"https:\/\/www.emindset30.com\/es_es\/wp-json\/wp\/v2\/product"}],"about":[{"href":"https:\/\/www.emindset30.com\/es_es\/wp-json\/wp\/v2\/types\/product"}],"replies":[{"embeddable":true,"href":"https:\/\/www.emindset30.com\/es_es\/wp-json\/wp\/v2\/comments?post=9959"}],"wp:featuredmedia":[{"embeddable":true,"href":"https:\/\/www.emindset30.com\/es_es\/wp-json\/wp\/v2\/media\/9961"}],"wp:attachment":[{"href":"https:\/\/www.emindset30.com\/es_es\/wp-json\/wp\/v2\/media?parent=9959"}],"wp:term":[{"taxonomy":"product_brand","embeddable":true,"href":"https:\/\/www.emindset30.com\/es_es\/wp-json\/wp\/v2\/product_brand?post=9959"},{"taxonomy":"product_cat","embeddable":true,"href":"https:\/\/www.emindset30.com\/es_es\/wp-json\/wp\/v2\/product_cat?post=9959"},{"taxonomy":"product_tag","embeddable":true,"href":"https:\/\/www.emindset30.com\/es_es\/wp-json\/wp\/v2\/product_tag?post=9959"}],"curies":[{"name":"wp","href":"https:\/\/api.w.org\/{rel}","templated":true}]}}