{"id":7742,"date":"2022-02-28T13:25:29","date_gmt":"2022-02-28T07:25:29","guid":{"rendered":"https:\/\/www.emindset30.com\/product\/october-us-copy\/"},"modified":"2025-04-15T02:02:43","modified_gmt":"2025-04-15T02:02:43","slug":"polera-emindset-3-0","status":"publish","type":"product","link":"https:\/\/www.emindset30.com\/es_es\/producto\/polera-emindset-3-0\/","title":{"rendered":"Polera EMindset 3.0"},"content":{"rendered":"<p style=\"text-align: justify;\"><span style=\"font-size: 13pt; color: #000000;\">Polera hombre y mujer marca <strong>EMindset 3.0<\/strong>, mezcla de algod\u00f3n y poli\u00e9ster reciclado que proporciona una sensaci\u00f3n c\u00f3moda y el\u00e1stica para un rango de movimiento sin restricciones. Fabricado con <span class=\"a-list-item a-size-base a-color-base\">tecnolog\u00eda Omni-Wick de gesti\u00f3n de la humedad para exteriores.\u00a0 mueve r\u00e1pidamente la humedad de la piel a la tela donde se extiende por la superficie para evaporarse r\u00e1pidamente, manteni\u00e9ndote frescura y comodidad. Resistente a <\/span>lavados, variedad de colores tabaco, negro, blanco y naranjo. Tallas S, M, L y XL.<\/span><\/p>\n<p>&nbsp;<\/p>","protected":false},"excerpt":{"rendered":"<p style=\"text-align: justify;\"><span style=\"font-size: 13pt;\">Polera hombre y mujer marca <strong>EMindset 3.0<\/strong>, mezcla de algod\u00f3n y poli\u00e9ster reciclado que proporciona una sensaci\u00f3n c\u00f3moda y el\u00e1stica para un rango de movimiento sin restricciones. Fabricado con <span class=\"a-list-item a-size-base a-color-base\">tecnolog\u00eda Omni-Wick de gesti\u00f3n de la humedad para exteriores.<\/span><\/span><\/p>","protected":false},"featured_media":9958,"menu_order":0,"comment_status":"open","ping_status":"closed","template":"","meta":[],"product_brand":[96],"product_cat":[98],"product_tag":[],"class_list":{"0":"post-7742","1":"product","2":"type-product","3":"status-publish","4":"has-post-thumbnail","6":"product_brand-emindset-30","7":"product_cat-polera","9":"first","10":"instock","11":"sale","12":"shipping-taxable","13":"purchasable","14":"product-type-simple"},"_links":{"self":[{"href":"https:\/\/www.emindset30.com\/es_es\/wp-json\/wp\/v2\/product\/7742","targetHints":{"allow":["GET"]}}],"collection":[{"href":"https:\/\/www.emindset30.com\/es_es\/wp-json\/wp\/v2\/product"}],"about":[{"href":"https:\/\/www.emindset30.com\/es_es\/wp-json\/wp\/v2\/types\/product"}],"replies":[{"embeddable":true,"href":"https:\/\/www.emindset30.com\/es_es\/wp-json\/wp\/v2\/comments?post=7742"}],"wp:featuredmedia":[{"embeddable":true,"href":"https:\/\/www.emindset30.com\/es_es\/wp-json\/wp\/v2\/media\/9958"}],"wp:attachment":[{"href":"https:\/\/www.emindset30.com\/es_es\/wp-json\/wp\/v2\/media?parent=7742"}],"wp:term":[{"taxonomy":"product_brand","embeddable":true,"href":"https:\/\/www.emindset30.com\/es_es\/wp-json\/wp\/v2\/product_brand?post=7742"},{"taxonomy":"product_cat","embeddable":true,"href":"https:\/\/www.emindset30.com\/es_es\/wp-json\/wp\/v2\/product_cat?post=7742"},{"taxonomy":"product_tag","embeddable":true,"href":"https:\/\/www.emindset30.com\/es_es\/wp-json\/wp\/v2\/product_tag?post=7742"}],"curies":[{"name":"wp","href":"https:\/\/api.w.org\/{rel}","templated":true}]}}