{"id":8852,"date":"2025-04-17T12:17:06","date_gmt":"2025-04-17T12:17:06","guid":{"rendered":"https:\/\/www.emindset30.com\/?page_id=8852"},"modified":"2025-04-17T12:49:23","modified_gmt":"2025-04-17T12:49:23","slug":"politica-de-cookies","status":"publish","type":"page","link":"https:\/\/www.emindset30.com\/es_es\/politica-de-cookies\/","title":{"rendered":"Pol\u00edtica de Cookies"},"content":{"rendered":"<p style=\"text-align: center;\"><span style=\"font-size: 21pt; color: #000000;\"><strong><span lang=\"es-419\">Pol\u00edtica de Cookies<\/span><\/strong><\/span><\/p>\n<p style=\"text-align: justify;\"><span style=\"font-size: 15pt; color: #000000;\"><strong>Introducci\u00f3n<\/strong><\/span><\/p>\n<p style=\"text-align: justify;\"><span style=\"font-size: 13pt; color: #000000;\">Nuestro centro de formaci\u00f3n Threamers Institute quiere ofrecer una experiencia educativa y social de usuario de manera \u00f3ptima y personalizada. Una de las herramientas que nos ayuda a lograrlo son las cookies. Esta pol\u00edtica tiene como objetivo explicar en detalle qu\u00e9 son las cookies, c\u00f3mo las usamos y c\u00f3mo puede gestionar su uso.<\/span><\/p>\n<p style=\"text-align: justify;\"><span style=\"font-size: 15pt; color: #000000;\"><strong>\u00bfQu\u00e9 son las cookies?<\/strong><\/span><\/p>\n<p style=\"text-align: justify;\"><span style=\"font-size: 13pt; color: #000000;\">Las cookies son peque\u00f1os fragmentos de datos en forma de archivos de texto que se almacenan en su dispositivo cuando visita sitios web espec\u00edficos. No son programas ejecutables, no llevan virus ni pueden acceder a informaci\u00f3n personal en su dispositivo; simplemente nos permiten recordar ciertas preferencias y datos de navegaci\u00f3n.<\/span><\/p>\n<p style=\"text-align: justify;\"><span style=\"font-size: 15pt; color: #000000;\"><strong>Finalidad de las cookies<\/strong><\/span><\/p>\n<p style=\"text-align: justify;\"><span style=\"font-size: 13pt; color: #000000;\">Nuestro sitio web utiliza cookies para recordar detalles espec\u00edficos, como su idioma preferido, temas de inter\u00e9s, y otros ajustes personalizados. Al almacenar estas preferencias, podemos ofrecerle una navegaci\u00f3n m\u00e1s fluida y personalizada en sus visitas subsiguientes.<\/span><\/p>\n<p style=\"text-align: justify;\"><span style=\"font-size: 15pt; color: #000000;\"><strong>Tipos de cookies<\/strong><\/span><\/p>\n<p style=\"text-align: justify;\"><span style=\"font-size: 13pt; color: #000000;\">Existen diferentes tipos de cookies, y nosotros utilizamos tanto las propias como las de terceros. Las primeras son establecidas y gestionadas directamente por nuestro sitio y aseguran su correcto funcionamiento. Las de terceros provienen de otros servicios que incorporamos para mejorar la experiencia del usuario, como an\u00e1lisis estad\u00edsticos y publicidad.<\/span><\/p>\n<p style=\"text-align: justify;\"><span style=\"font-size: 15pt; color: #000000;\"><strong>Cookies de an\u00e1lisis<\/strong><\/span><\/p>\n<p style=\"text-align: justify;\"><span style=\"font-size: 13pt; color: #000000;\">Estas cookies recopilan datos sobre c\u00f3mo los visitantes utilizan nuestro sitio web. Nos informan sobre las p\u00e1ginas m\u00e1s visitadas, la duraci\u00f3n de las visitas y cualquier problema que haya surgido, como mensajes de error. Esto nos permite optimizar el dise\u00f1o y el contenido de nuestro sitio para satisfacer mejor sus necesidades.<\/span><\/p>\n<p style=\"text-align: justify;\"><span style=\"font-size: 15pt; color: #000000;\"><strong>Cookies publicitarias<\/strong><\/span><\/p>\n<p style=\"text-align: justify;\"><span style=\"font-size: 13pt; color: #000000;\">Usamos estas cookies para personalizar los anuncios que ve en nuestro sitio web y en otros lugares en l\u00ednea. Tambi\u00e9n rastrean la eficacia de nuestras campa\u00f1as publicitarias y limitan la cantidad de veces que un usuario ve un anuncio en particular, garantizando que la publicidad sea m\u00e1s relevante para usted.<\/span><\/p>\n<p style=\"text-align: justify;\"><span style=\"font-size: 15pt; color: #000000;\"><strong>Gesti\u00f3n de Cookies<\/strong><\/span><\/p>\n<p style=\"text-align: justify;\"><span style=\"font-size: 13pt; color: #000000;\">Aunque las cookies buscan mejorar su experiencia de navegaci\u00f3n, usted tiene el derecho y la capacidad de restringirlas, bloquearlas o eliminarlas a trav\u00e9s de la configuraci\u00f3n de su navegador. Sin embargo, es importante entender que al deshabilitar las cookies, ciertas funcionalidades del sitio pueden verse afectadas.<\/span><\/p>\n<p style=\"text-align: justify;\"><span style=\"font-size: 15pt; color: #000000;\"><strong>Cookies y datos personales<\/strong><\/span><\/p>\n<p style=\"text-align: justify;\"><span style=\"font-size: 13pt; color: #000000;\">Es fundamental aclarar que las cookies, por s\u00ed mismas, no contienen informaci\u00f3n personal identificable. La informaci\u00f3n que recopilan es agregada y an\u00f3nima. No obstante, si opta por compartir datos personales en nuestro sitio, pueden ser vinculados a la informaci\u00f3n almacenada en las cookies.<\/span><\/p>\n<p style=\"text-align: justify;\"><span style=\"font-size: 15pt; color: #000000;\"><strong>Consentimiento<\/strong><\/span><\/p>\n<p style=\"text-align: justify;\"><span style=\"font-size: 13pt; color: #000000;\">Al navegar por nuestro sitio, se considerar\u00e1 que ha otorgado su consentimiento para el uso de cookies de acuerdo con esta pol\u00edtica. Sin embargo, en cualquier momento puede modificar sus preferencias en relaci\u00f3n con las cookies.<\/span><\/p>\n<p style=\"text-align: justify;\"><span style=\"font-size: 15pt; color: #000000;\"><strong>Seguridad<\/strong><\/span><\/p>\n<p style=\"text-align: justify;\"><span style=\"font-size: 13pt; color: #000000;\">Priorizamos la seguridad de la informaci\u00f3n de nuestros usuarios. Nuestro sitio web emplea medidas avanzadas para garantizar que las cookies y los datos que recopilamos est\u00e9n protegidos contra accesos no autorizados y maliciosos.<\/span><\/p>\n<p style=\"text-align: justify;\"><span style=\"font-size: 15pt; color: #000000;\"><strong>Enlaces a terceros<\/strong><\/span><\/p>\n<p style=\"text-align: justify;\"><span style=\"font-size: 13pt; color: #000000;\">Nuestro sitio puede contener enlaces a otros sitios que no son operados por nosotros. Es esencial que sepa que no tenemos control sobre esas webs y que poseen sus propias pol\u00edticas de cookies.<\/span><\/p>\n<p style=\"text-align: justify;\"><span style=\"font-size: 15pt; color: #000000;\"><strong>Actualizaciones<\/strong><\/span><\/p>\n<p style=\"text-align: justify;\"><span style=\"font-size: 13pt; color: #000000;\">Esta pol\u00edtica puede ser actualizada ocasionalmente para reflejar cambios legales o en nuestras pr\u00e1cticas de recopilaci\u00f3n de datos. Siempre que haya un cambio sustancial, nos esforzaremos en comunicarlo a nuestros usuarios.<\/span><\/p>\n<p style=\"text-align: justify;\"><span style=\"font-size: 15pt; color: #000000;\"><strong>Retenci\u00f3n<\/strong><\/span><\/p>\n<p style=\"text-align: justify;\"><span style=\"font-size: 13pt; color: #000000;\">Las cookies tienen per\u00edodos de retenci\u00f3n espec\u00edficos, que var\u00edan seg\u00fan el tipo y la funci\u00f3n de la cookie. Algunas duran s\u00f3lo durante una sesi\u00f3n, mientras que otras pueden durar a\u00f1os. Una vez que una cookie alcanza su fecha de vencimiento, se eliminar\u00e1 autom\u00e1ticamente.<\/span><\/p>\n<p style=\"text-align: justify;\"><span style=\"font-size: 15pt; color: #000000;\"><strong>Derechos de los usuarios<\/strong><\/span><\/p>\n<p style=\"text-align: justify;\"><span style=\"font-size: 13pt; color: #000000;\">Siempre tiene derecho a solicitar informaci\u00f3n sobre los datos personales que hemos recopilado a trav\u00e9s de cookies y a solicitar su rectificaci\u00f3n o eliminaci\u00f3n.<\/span><\/p>\n<p style=\"text-align: justify;\"><span style=\"font-size: 15pt; color: #000000;\"><strong>Contacto<\/strong><\/span><\/p>\n<p style=\"text-align: justify;\"><span style=\"font-size: 13pt; color: #000000;\">Para cualquier consulta o inquietud sobre nuestra pol\u00edtica de cookies o pr\u00e1cticas relacionadas con la privacidad, invitamos a nuestros usuarios a ponerse en contacto con nosotros. Estamos aqu\u00ed para ayudar y asegurarnos de que sus derechos y privacidad est\u00e9n protegidos.<\/span><\/p>","protected":false},"excerpt":{"rendered":"<p>Pol\u00edtica de Cookies Introducci\u00f3n Nuestro centro de formaci\u00f3n Threamers Institute quiere ofrecer una experiencia educativa y social de usuario de manera \u00f3ptima y personalizada. Una de las herramientas que nos ayuda a lograrlo son las cookies. Esta pol\u00edtica tiene como objetivo explicar en detalle qu\u00e9 son las cookies, c\u00f3mo las usamos y c\u00f3mo puede gestionar [&hellip;]<\/p>\n","protected":false},"author":1,"featured_media":0,"parent":0,"menu_order":0,"comment_status":"closed","ping_status":"closed","template":"","meta":{"footnotes":""},"class_list":["post-8852","page","type-page","status-publish","hentry"],"_links":{"self":[{"href":"https:\/\/www.emindset30.com\/es_es\/wp-json\/wp\/v2\/pages\/8852","targetHints":{"allow":["GET"]}}],"collection":[{"href":"https:\/\/www.emindset30.com\/es_es\/wp-json\/wp\/v2\/pages"}],"about":[{"href":"https:\/\/www.emindset30.com\/es_es\/wp-json\/wp\/v2\/types\/page"}],"author":[{"embeddable":true,"href":"https:\/\/www.emindset30.com\/es_es\/wp-json\/wp\/v2\/users\/1"}],"replies":[{"embeddable":true,"href":"https:\/\/www.emindset30.com\/es_es\/wp-json\/wp\/v2\/comments?post=8852"}],"version-history":[{"count":8,"href":"https:\/\/www.emindset30.com\/es_es\/wp-json\/wp\/v2\/pages\/8852\/revisions"}],"predecessor-version":[{"id":10096,"href":"https:\/\/www.emindset30.com\/es_es\/wp-json\/wp\/v2\/pages\/8852\/revisions\/10096"}],"wp:attachment":[{"href":"https:\/\/www.emindset30.com\/es_es\/wp-json\/wp\/v2\/media?parent=8852"}],"curies":[{"name":"wp","href":"https:\/\/api.w.org\/{rel}","templated":true}]}}