{"id":7634,"date":"2022-02-07T04:48:50","date_gmt":"2022-02-07T04:48:50","guid":{"rendered":"https:\/\/www.emindset30.com\/?page_id=7634"},"modified":"2025-04-09T22:14:38","modified_gmt":"2025-04-09T22:14:38","slug":"testimonios","status":"publish","type":"page","link":"https:\/\/www.emindset30.com\/es_es\/testimonios\/","title":{"rendered":"TESTIMONIOS"},"content":{"rendered":"<div data-elementor-type=\"wp-page\" data-elementor-id=\"7634\" class=\"elementor elementor-7634\">\n\t\t\t\t\t\t<section class=\"elementor-section elementor-top-section elementor-element elementor-element-2099243 elementor-section-full_width elementor-section-stretched elementor-section-height-default elementor-section-height-default\" data-id=\"2099243\" data-element_type=\"section\" data-e-type=\"section\" data-settings=\"{&quot;stretch_section&quot;:&quot;section-stretched&quot;,&quot;background_background&quot;:&quot;classic&quot;}\">\n\t\t\t\t\t\t\t<div class=\"elementor-background-overlay\"><\/div>\n\t\t\t\t\t\t\t<div class=\"elementor-container elementor-column-gap-default\">\n\t\t\t\t\t<div class=\"elementor-column elementor-col-100 elementor-top-column elementor-element elementor-element-eda74c7\" data-id=\"eda74c7\" data-element_type=\"column\" data-e-type=\"column\">\n\t\t\t<div class=\"elementor-widget-wrap elementor-element-populated\">\n\t\t\t\t\t\t<section class=\"elementor-section elementor-inner-section elementor-element elementor-element-ea7fae4 elementor-section-boxed elementor-section-height-default elementor-section-height-default rt-parallax-bg-no\" data-id=\"ea7fae4\" data-element_type=\"section\" data-e-type=\"section\">\n\t\t\t\t\t\t<div class=\"elementor-container elementor-column-gap-default\">\n\t\t\t\t\t<div class=\"elementor-column elementor-col-100 elementor-inner-column elementor-element elementor-element-debed3b\" data-id=\"debed3b\" data-element_type=\"column\" data-e-type=\"column\">\n\t\t\t<div class=\"elementor-widget-wrap elementor-element-populated\">\n\t\t\t\t\t\t<div class=\"elementor-element elementor-element-cba545f elementor-widget elementor-widget-rt-text-with-button\" data-id=\"cba545f\" data-element_type=\"widget\" data-e-type=\"widget\" data-widget_type=\"rt-text-with-button.default\">\n\t\t\t\t<div class=\"elementor-widget-container\">\n\t\t\t\t\t<div class=\"title-text-button barshow text-style1\">\r\n\t\r\n\t\t<div class=\"subtitle style2\">TESTIMONIOS\t\t<span class=\"title-bar1\"><\/span><span class=\"title-bar2\"><\/span>\t<\/div>\r\n\t\t\t\t<h2 class=\"section-title\">Nos alegra conocer las opiniones<br>de nuestros usuarios y clientes<\/h2>\t\t\r\n\t<div class=\"section-content\"><p>Nuestro modelo de crecimiento para emprendedores de vida o de negocios siempre est\u00e1 al servicio de sus distintos contextos y requerimientos.<\/p><\/div>\r\n\t<\/div>\t\t\t\t<\/div>\n\t\t\t\t<\/div>\n\t\t\t\t\t<\/div>\n\t\t<\/div>\n\t\t\t\t\t<\/div>\n\t\t<\/section>\n\t\t\t\t\t<\/div>\n\t\t<\/div>\n\t\t\t\t\t<\/div>\n\t\t<\/section>\n\t\t\t\t<section class=\"elementor-section elementor-top-section elementor-element elementor-element-ff2038f elementor-section-full_width elementor-section-stretched elementor-section-height-default elementor-section-height-default rt-parallax-bg-no\" data-id=\"ff2038f\" data-element_type=\"section\" data-e-type=\"section\" data-settings=\"{&quot;stretch_section&quot;:&quot;section-stretched&quot;,&quot;background_background&quot;:&quot;classic&quot;}\">\n\t\t\t\t\t\t<div class=\"elementor-container elementor-column-gap-default\">\n\t\t\t\t\t<div class=\"elementor-column elementor-col-100 elementor-top-column elementor-element elementor-element-d62e110\" data-id=\"d62e110\" data-element_type=\"column\" data-e-type=\"column\">\n\t\t\t<div class=\"elementor-widget-wrap elementor-element-populated\">\n\t\t\t\t\t\t<section class=\"elementor-section elementor-inner-section elementor-element elementor-element-b2de8d3 elementor-section-boxed elementor-section-height-default elementor-section-height-default rt-parallax-bg-no\" data-id=\"b2de8d3\" data-element_type=\"section\" data-e-type=\"section\">\n\t\t\t\t\t\t<div class=\"elementor-container elementor-column-gap-default\">\n\t\t\t\t\t<div class=\"elementor-column elementor-col-100 elementor-inner-column elementor-element elementor-element-6ff81c1\" data-id=\"6ff81c1\" data-element_type=\"column\" data-e-type=\"column\">\n\t\t\t<div class=\"elementor-widget-wrap elementor-element-populated\">\n\t\t\t\t\t\t<div class=\"elementor-element elementor-element-ea1b546 elementor-widget elementor-widget-rt-testimonial\" data-id=\"ea1b546\" data-element_type=\"widget\" data-e-type=\"widget\" data-widget_type=\"rt-testimonial.default\">\n\t\t\t\t<div class=\"elementor-widget-container\">\n\t\t\t\t\t<div class=\"default-testimonial testimonial-4\">\r\n\t<div class=\"rt-related-slider\" data-xld = '{&quot;slidesPerView&quot;:2,&quot;loop&quot;:true,&quot;spaceBetween&quot;:30,&quot;slidesPerGroup&quot;:1,&quot;centeredSlides&quot;:false,&quot;slideToClickedSlide&quot;:true,&quot;autoplay&quot;:{&quot;delay&quot;:3000},&quot;speed&quot;:1000,&quot;breakpoints&quot;:{&quot;0&quot;:{&quot;slidesPerView&quot;:1},&quot;576&quot;:{&quot;slidesPerView&quot;:1},&quot;768&quot;:{&quot;slidesPerView&quot;:1},&quot;992&quot;:{&quot;slidesPerView&quot;:3},&quot;1200&quot;:{&quot;slidesPerView&quot;:3},&quot;1600&quot;:{&quot;slidesPerView&quot;:3}},&quot;auto&quot;:true}'>\r\n\t\t<div class=\"swiper-wrapper\">\r\n\t\t\t\t\t\t\t\t\t\t\t\t\t\t\t\t\t\t<div class=\"swiper-slide\">\r\n\t\t\t\t\t\t\t<div class=\"testimonial-item\">\r\n\t\t\t\t\t\t\t\t<div class=\"testimonial-content\">\r\n                                    <div class=\"testimonial-top-area\">\r\n                                        <div class=\"testimonial-figure\">\r\n                                                                                                                                                <div class=\"testimonial-thumb\"><img decoding=\"async\" width=\"150\" height=\"150\" src=\"https:\/\/www.emindset30.com\/wp-content\/uploads\/2021\/10\/pedro-150x150.jpg\" class=\"attachment-thumbnail size-thumbnail wp-post-image\" alt=\"\" srcset=\"https:\/\/www.emindset30.com\/wp-content\/uploads\/2021\/10\/pedro-150x150.jpg 150w, https:\/\/www.emindset30.com\/wp-content\/uploads\/2021\/10\/pedro-12x12.jpg 12w, https:\/\/www.emindset30.com\/wp-content\/uploads\/2021\/10\/pedro-155x155.jpg 155w, https:\/\/www.emindset30.com\/wp-content\/uploads\/2021\/10\/pedro.jpg 200w\" sizes=\"(max-width: 150px) 100vw, 150px\" \/><\/div>\r\n                                                                                                <div class=\"item-icon\"><i class=\"fas fa-quote-left\"><\/i><\/div>\r\n                                                                                    <\/div>\r\n                                        <div class=\"designation-area\">\r\n                                            <h3 class=\"testimonial-title\">Claudio Santander<\/h3>\r\n\t\t\t\t\t\t\t\t\t\t\t\t\t\t\t\t\t\t\t\t\t\t\t<div class=\"testimonial-designation\"> Emprendedor\t\t\t\t\t\t\t\t\t\t\t\t<\/div>\r\n\t\t\t\t\t\t\t\t\t\t\t                                        <\/div>\r\n                                    <\/div>\r\n                                    <div class=\"person-info\">\r\n                                            <p>\u201cConoc\u00ed el modelo EMindset 3.0 en una etapa importante de mi vida, el modelo me ayud\u00f3 a encontrar mis nuevas motivaciones y a reinventarme con prop\u00f3sito.\u201d<\/p>\t\t\t\t\t\t\t\t\t\t\t\t\t\t\t\t\t\t\t\t\t\t\t<ul class=\"rating\">\r\n\t\t\t\t\t\t\t\t\t\t\t\t\t\t\t\t\t\t\t\t\t\t\t\t\t\t\t<li class=\"star-rate\"><i class=\"fa fa-star\" aria-hidden=\"true\"><\/i><\/li>\r\n\t\t\t\t\t\t\t\t\t\t\t\t\t\t\t\t\t\t\t\t\t\t\t\t\t\t\t<li class=\"star-rate\"><i class=\"fa fa-star\" aria-hidden=\"true\"><\/i><\/li>\r\n\t\t\t\t\t\t\t\t\t\t\t\t\t\t\t\t\t\t\t\t\t\t\t\t\t\t\t<li class=\"star-rate\"><i class=\"fa fa-star\" aria-hidden=\"true\"><\/i><\/li>\r\n\t\t\t\t\t\t\t\t\t\t\t\t\t\t\t\t\t\t\t\t\t\t\t\t\t\t\t<li class=\"star-rate\"><i class=\"fa fa-star\" aria-hidden=\"true\"><\/i><\/li>\r\n\t\t\t\t\t\t\t\t\t\t\t\t\t\t\t\t\t\t\t\t\t\t\t\t\t\t\t<li class=\"star-rate\"><i class=\"fa fa-star\" aria-hidden=\"true\"><\/i><\/li>\r\n\t\t\t\t\t\t\t\t\t\t\t\t\t\t\t\t\r\n\t\t\t\t\t\t\t\t\t\t\t\t\t\t\t\t\t\t\t\t\t\t\t\t\t<\/ul>\r\n\t\t\t\t\t\t\t\t\t\t\t\t\t\t\t\t\t\t\t\t<\/div>\r\n\t\t\t\t\t\t\t\t<\/div>\r\n\t\t\t\t\t\t\t<\/div>\r\n\t\t\t\t\t\t<\/div>\r\n\t\t\t\t\t\t\t\t\t\t\t\t\t\t\t<div class=\"swiper-slide\">\r\n\t\t\t\t\t\t\t<div class=\"testimonial-item\">\r\n\t\t\t\t\t\t\t\t<div class=\"testimonial-content\">\r\n                                    <div class=\"testimonial-top-area\">\r\n                                        <div class=\"testimonial-figure\">\r\n                                                                                                                                                <div class=\"testimonial-thumb\"><img decoding=\"async\" width=\"150\" height=\"150\" src=\"https:\/\/www.emindset30.com\/wp-content\/uploads\/2021\/10\/robert-150x150.jpg\" class=\"attachment-thumbnail size-thumbnail wp-post-image\" alt=\"\" srcset=\"https:\/\/www.emindset30.com\/wp-content\/uploads\/2021\/10\/robert-150x150.jpg 150w, https:\/\/www.emindset30.com\/wp-content\/uploads\/2021\/10\/robert-12x12.jpg 12w, https:\/\/www.emindset30.com\/wp-content\/uploads\/2021\/10\/robert-155x155.jpg 155w, https:\/\/www.emindset30.com\/wp-content\/uploads\/2021\/10\/robert.jpg 225w\" sizes=\"(max-width: 150px) 100vw, 150px\" \/><\/div>\r\n                                                                                                <div class=\"item-icon\"><i class=\"fas fa-quote-left\"><\/i><\/div>\r\n                                                                                    <\/div>\r\n                                        <div class=\"designation-area\">\r\n                                            <h3 class=\"testimonial-title\">Roberto Espinoza<\/h3>\r\n\t\t\t\t\t\t\t\t\t\t\t\t\t\t\t\t\t\t\t\t\t\t\t<div class=\"testimonial-designation\"> Emprendedor\t\t\t\t\t\t\t\t\t\t\t\t<\/div>\r\n\t\t\t\t\t\t\t\t\t\t\t                                        <\/div>\r\n                                    <\/div>\r\n                                    <div class=\"person-info\">\r\n                                            <p>\u201cTengo un emprendimiento y las bases del presente modelo me ha ayudado a aplicar en forma pr\u00e1ctica sus t\u00e9cnicas de estructura, adaptabilidad e innovaci\u00f3n\u201d.<\/p>\t\t\t\t\t\t\t\t\t\t\t\t\t\t\t\t\t\t\t\t\t\t\t<ul class=\"rating\">\r\n\t\t\t\t\t\t\t\t\t\t\t\t\t\t\t\t\t\t\t\t\t\t\t\t\t\t\t<li class=\"star-rate\"><i class=\"fa fa-star\" aria-hidden=\"true\"><\/i><\/li>\r\n\t\t\t\t\t\t\t\t\t\t\t\t\t\t\t\t\t\t\t\t\t\t\t\t\t\t\t<li class=\"star-rate\"><i class=\"fa fa-star\" aria-hidden=\"true\"><\/i><\/li>\r\n\t\t\t\t\t\t\t\t\t\t\t\t\t\t\t\t\t\t\t\t\t\t\t\t\t\t\t<li class=\"star-rate\"><i class=\"fa fa-star\" aria-hidden=\"true\"><\/i><\/li>\r\n\t\t\t\t\t\t\t\t\t\t\t\t\t\t\t\t\t\t\t\t\t\t\t\t\t\t\t<li class=\"star-rate\"><i class=\"fa fa-star\" aria-hidden=\"true\"><\/i><\/li>\r\n\t\t\t\t\t\t\t\t\t\t\t\t\t\t\t\t\t\t\t\t\t\t\t\t\t\t\t<li class=\"star-rate\"><i class=\"fa fa-star\" aria-hidden=\"true\"><\/i><\/li>\r\n\t\t\t\t\t\t\t\t\t\t\t\t\t\t\t\t\r\n\t\t\t\t\t\t\t\t\t\t\t\t\t\t\t\t\t\t\t\t\t\t\t\t\t<\/ul>\r\n\t\t\t\t\t\t\t\t\t\t\t\t\t\t\t\t\t\t\t\t<\/div>\r\n\t\t\t\t\t\t\t\t<\/div>\r\n\t\t\t\t\t\t\t<\/div>\r\n\t\t\t\t\t\t<\/div>\r\n\t\t\t\t\t\t\t\t\t\t\t\t\t\t\t<div class=\"swiper-slide\">\r\n\t\t\t\t\t\t\t<div class=\"testimonial-item\">\r\n\t\t\t\t\t\t\t\t<div class=\"testimonial-content\">\r\n                                    <div class=\"testimonial-top-area\">\r\n                                        <div class=\"testimonial-figure\">\r\n                                                                                                                                                <div class=\"testimonial-thumb\"><img decoding=\"async\" width=\"150\" height=\"150\" src=\"https:\/\/www.emindset30.com\/wp-content\/uploads\/2021\/10\/caroline_faria_profile_image-150x150.jpeg\" class=\"attachment-thumbnail size-thumbnail wp-post-image\" alt=\"\" \/><\/div>\r\n                                                                                                <div class=\"item-icon\"><i class=\"fas fa-quote-left\"><\/i><\/div>\r\n                                                                                    <\/div>\r\n                                        <div class=\"designation-area\">\r\n                                            <h3 class=\"testimonial-title\">Cecilia Morales<\/h3>\r\n\t\t\t\t\t\t\t\t\t\t\t\t\t\t\t\t\t\t\t\t\t\t\t<div class=\"testimonial-designation\"> Emprendedora\t\t\t\t\t\t\t\t\t\t\t\t<\/div>\r\n\t\t\t\t\t\t\t\t\t\t\t                                        <\/div>\r\n                                    <\/div>\r\n                                    <div class=\"person-info\">\r\n                                            <p>\u201cReconozco que el modelo, a trav\u00e9s de su libro, es altamente recomendable para todo tipo de proyectos, ya sea en el \u00e1mbito personal como en el laboral\u201d<\/p>\t\t\t\t\t\t\t\t\t\t\t\t\t\t\t\t\t\t\t\t\t\t\t<ul class=\"rating\">\r\n\t\t\t\t\t\t\t\t\t\t\t\t\t\t\t\t\t\t\t\t\t\t\t\t\t\t\t<li class=\"star-rate\"><i class=\"fa fa-star\" aria-hidden=\"true\"><\/i><\/li>\r\n\t\t\t\t\t\t\t\t\t\t\t\t\t\t\t\t\t\t\t\t\t\t\t\t\t\t\t<li class=\"star-rate\"><i class=\"fa fa-star\" aria-hidden=\"true\"><\/i><\/li>\r\n\t\t\t\t\t\t\t\t\t\t\t\t\t\t\t\t\t\t\t\t\t\t\t\t\t\t\t<li class=\"star-rate\"><i class=\"fa fa-star\" aria-hidden=\"true\"><\/i><\/li>\r\n\t\t\t\t\t\t\t\t\t\t\t\t\t\t\t\t\t\t\t\t\t\t\t\t\t\t\t<li class=\"star-rate\"><i class=\"fa fa-star\" aria-hidden=\"true\"><\/i><\/li>\r\n\t\t\t\t\t\t\t\t\t\t\t\t\t\t\t\t\t\t\t\t\t\t\t\t\t\t\t<li class=\"star-rate\"><i class=\"fa fa-star\" aria-hidden=\"true\"><\/i><\/li>\r\n\t\t\t\t\t\t\t\t\t\t\t\t\t\t\t\t\r\n\t\t\t\t\t\t\t\t\t\t\t\t\t\t\t\t\t\t\t\t\t\t\t\t\t<\/ul>\r\n\t\t\t\t\t\t\t\t\t\t\t\t\t\t\t\t\t\t\t\t<\/div>\r\n\t\t\t\t\t\t\t\t<\/div>\r\n\t\t\t\t\t\t\t<\/div>\r\n\t\t\t\t\t\t<\/div>\r\n\t\t\t\t\t\t\t\t\t\t\t\t<\/div>\r\n        \t<\/div>\r\n<\/div>\t\t\t\t<\/div>\n\t\t\t\t<\/div>\n\t\t\t\t\t<\/div>\n\t\t<\/div>\n\t\t\t\t\t<\/div>\n\t\t<\/section>\n\t\t\t\t<div class=\"elementor-element elementor-element-28e2155 elementor-widget__width-auto elementor-absolute elementor-hidden-tablet elementor-hidden-mobile elementor-widget elementor-widget-image\" data-id=\"28e2155\" data-element_type=\"widget\" data-e-type=\"widget\" data-settings=\"{&quot;_position&quot;:&quot;absolute&quot;}\" data-widget_type=\"image.default\">\n\t\t\t\t<div class=\"elementor-widget-container\">\n\t\t\t\t\t\t\t\t\t\t\t\t\t\t\t<img loading=\"lazy\" decoding=\"async\" width=\"730\" height=\"359\" src=\"https:\/\/www.emindset30.com\/wp-content\/uploads\/2022\/01\/shape6.png\" class=\"attachment-full size-full wp-image-6721\" alt=\"\" srcset=\"https:\/\/www.emindset30.com\/wp-content\/uploads\/2022\/01\/shape6.png 730w, https:\/\/www.emindset30.com\/wp-content\/uploads\/2022\/01\/shape6-155x76.png 155w, https:\/\/www.emindset30.com\/wp-content\/uploads\/2022\/01\/shape6-600x295.png 600w, https:\/\/www.emindset30.com\/wp-content\/uploads\/2022\/01\/shape6-300x148.png 300w\" sizes=\"(max-width: 730px) 100vw, 730px\" \/>\t\t\t\t\t\t\t\t\t\t\t\t\t\t\t<\/div>\n\t\t\t\t<\/div>\n\t\t\t\t<div class=\"elementor-element elementor-element-fb18c67 elementor-widget__width-auto elementor-absolute elementor-hidden-tablet elementor-hidden-mobile elementor-widget elementor-widget-image\" data-id=\"fb18c67\" data-element_type=\"widget\" data-e-type=\"widget\" data-settings=\"{&quot;_position&quot;:&quot;absolute&quot;}\" data-widget_type=\"image.default\">\n\t\t\t\t<div class=\"elementor-widget-container\">\n\t\t\t\t\t\t\t\t\t\t\t\t\t\t\t<img loading=\"lazy\" decoding=\"async\" width=\"730\" height=\"359\" src=\"https:\/\/www.emindset30.com\/wp-content\/uploads\/2022\/01\/shape9.png\" class=\"attachment-full size-full wp-image-6722\" alt=\"\" srcset=\"https:\/\/www.emindset30.com\/wp-content\/uploads\/2022\/01\/shape9.png 730w, https:\/\/www.emindset30.com\/wp-content\/uploads\/2022\/01\/shape9-155x76.png 155w, https:\/\/www.emindset30.com\/wp-content\/uploads\/2022\/01\/shape9-600x295.png 600w, https:\/\/www.emindset30.com\/wp-content\/uploads\/2022\/01\/shape9-300x148.png 300w\" sizes=\"(max-width: 730px) 100vw, 730px\" \/>\t\t\t\t\t\t\t\t\t\t\t\t\t\t\t<\/div>\n\t\t\t\t<\/div>\n\t\t\t\t\t<\/div>\n\t\t<\/div>\n\t\t\t\t\t<\/div>\n\t\t<\/section>\n\t\t\t\t<\/div>","protected":false},"excerpt":{"rendered":"<p>TESTIMONIOS Nos alegra conocer las opinionesde nuestros usuarios y clientes Nuestro modelo de crecimiento para emprendedores de vida o de negocios siempre est\u00e1 al servicio de sus distintos contextos y requerimientos. Claudio Santander CEO Founder \u201c when an unknown printer took a galley of type and scrambled it to make a type specimen book. It [&hellip;]<\/p>\n","protected":false},"author":1,"featured_media":0,"parent":0,"menu_order":0,"comment_status":"closed","ping_status":"closed","template":"","meta":{"footnotes":""},"class_list":["post-7634","page","type-page","status-publish","hentry"],"_links":{"self":[{"href":"https:\/\/www.emindset30.com\/es_es\/wp-json\/wp\/v2\/pages\/7634","targetHints":{"allow":["GET"]}}],"collection":[{"href":"https:\/\/www.emindset30.com\/es_es\/wp-json\/wp\/v2\/pages"}],"about":[{"href":"https:\/\/www.emindset30.com\/es_es\/wp-json\/wp\/v2\/types\/page"}],"author":[{"embeddable":true,"href":"https:\/\/www.emindset30.com\/es_es\/wp-json\/wp\/v2\/users\/1"}],"replies":[{"embeddable":true,"href":"https:\/\/www.emindset30.com\/es_es\/wp-json\/wp\/v2\/comments?post=7634"}],"version-history":[{"count":27,"href":"https:\/\/www.emindset30.com\/es_es\/wp-json\/wp\/v2\/pages\/7634\/revisions"}],"predecessor-version":[{"id":9412,"href":"https:\/\/www.emindset30.com\/es_es\/wp-json\/wp\/v2\/pages\/7634\/revisions\/9412"}],"wp:attachment":[{"href":"https:\/\/www.emindset30.com\/es_es\/wp-json\/wp\/v2\/media?parent=7634"}],"curies":[{"name":"wp","href":"https:\/\/api.w.org\/{rel}","templated":true}]}}