{"id":4926,"date":"2021-11-19T09:26:09","date_gmt":"2021-11-19T09:26:09","guid":{"rendered":"https:\/\/www.emindset30.com\/?page_id=4926"},"modified":"2025-06-03T16:05:51","modified_gmt":"2025-06-03T16:05:51","slug":"preguntas-frecuentes","status":"publish","type":"page","link":"https:\/\/www.emindset30.com\/es_es\/preguntas-frecuentes\/","title":{"rendered":"P. FRECUENTES"},"content":{"rendered":"<div data-elementor-type=\"wp-page\" data-elementor-id=\"4926\" class=\"elementor elementor-4926\">\n\t\t\t\t\t\t<section class=\"elementor-section elementor-top-section elementor-element elementor-element-4cf0aad elementor-section-boxed elementor-section-height-default elementor-section-height-default rt-parallax-bg-no\" data-id=\"4cf0aad\" data-element_type=\"section\" data-e-type=\"section\">\n\t\t\t\t\t\t<div class=\"elementor-container elementor-column-gap-default\">\n\t\t\t\t\t<div class=\"elementor-column elementor-col-100 elementor-top-column elementor-element elementor-element-9cdf4f0\" data-id=\"9cdf4f0\" data-element_type=\"column\" data-e-type=\"column\">\n\t\t\t<div class=\"elementor-widget-wrap elementor-element-populated\">\n\t\t\t\t\t\t<div class=\"elementor-element elementor-element-09ceafb elementor-widget elementor-widget-rt-title\" data-id=\"09ceafb\" data-element_type=\"widget\" data-e-type=\"widget\" data-widget_type=\"rt-title.default\">\n\t\t\t\t<div class=\"elementor-widget-container\">\n\t\t\t\t\t<div class=\"sec-title style1\">\r\n\t<div class=\"sec-title-holder\">\r\n\t\t \t\r\n\t\t\t\t\t<span class=\"rtin-icon\"><i class=\"\"><\/i><\/span>\r\n\t\t\t\t\t\t<h2 class=\"rtin-title\">Preguntas y Respuestas<\/h2>\r\n\t\t\t<\/div>\r\n<\/div>\r\n\t\t\t\t<\/div>\n\t\t\t\t<\/div>\n\t\t\t\t<section class=\"elementor-section elementor-inner-section elementor-element elementor-element-9f34a37 elementor-section-boxed elementor-section-height-default elementor-section-height-default rt-parallax-bg-no\" data-id=\"9f34a37\" data-element_type=\"section\" data-e-type=\"section\">\n\t\t\t\t\t\t<div class=\"elementor-container elementor-column-gap-default\">\n\t\t\t\t\t<div class=\"elementor-column elementor-col-100 elementor-inner-column elementor-element elementor-element-50638af\" data-id=\"50638af\" data-element_type=\"column\" data-e-type=\"column\">\n\t\t\t<div class=\"elementor-widget-wrap elementor-element-populated\">\n\t\t\t\t\t\t<div class=\"elementor-element elementor-element-286239f elementor-widget elementor-widget-rt-accordion\" data-id=\"286239f\" data-element_type=\"widget\" data-e-type=\"widget\" data-widget_type=\"rt-accordion.default\">\n\t\t\t\t<div class=\"elementor-widget-container\">\n\t\t\t\t\t<div id=\"rtaccordion-1\" class=\"rt-accordion accordion-style-2\" >\r\n       <div class=\"accordion-item\">\r\n           <h2 class=\"accordion-header  active\" id=\"rtaccordion-03501823d44d6f6862fd945066dc0af3\" >\r\n            <button class=\"accordion-button\" type=\"button\" data-bs-toggle=\"collapse\" data-bs-target=\"#rtaccordion-collapse-03501823d44d6f6862fd945066dc0af3\" aria-expanded=\"true\" >\r\n             \u00bfQU\u00c9 ES EL MODELO EMINDSET 3.0?                <\/button>\r\n           <\/h2>\r\n       <div id=\"rtaccordion-collapse-03501823d44d6f6862fd945066dc0af3\" class=\"accordion-collapse collapse show\" aria-labelledby=\"rtaccordion-03501823d44d6f6862fd945066dc0af3\" data-bs-parent=\"#rtaccordion-1\">\r\n            <div class=\"accordion-body\">\r\n              <p style=\"text-align: justify\"><span style=\"color: #000000;font-size: 13pt\">Es un modelo de pensamiento y acci\u00f3n dise\u00f1ado por Luis Becerra para guiar a emprendedores de vida y de negocios en procesos de crecimiento consciente, eficiente e innovador. Integra tres pilares fundamentales: <strong data-start=\"790\" data-end=\"854\">Agilidad de Gesti\u00f3n, Mejores Pr\u00e1cticas e Innovaci\u00f3n Aplicada<\/strong>, para generar resultados sostenibles con prop\u00f3sito.<\/span><\/p>            <\/div>\r\n        <\/div>\r\n   <\/div>\r\n       <div class=\"accordion-item\">\r\n           <h2 class=\"accordion-header\" id=\"rtaccordion-cd1fba90fd06fd43f5006f4c24e6163d\" >\r\n            <button class=\"accordion-button collapsed\" type=\"button\" data-bs-toggle=\"collapse\" data-bs-target=\"#rtaccordion-collapse-cd1fba90fd06fd43f5006f4c24e6163d\" aria-expanded=\"true\" >\r\n             \u00bfA QUI\u00c9N VA DIRIGIDO EL MODELO?                <\/button>\r\n           <\/h2>\r\n       <div id=\"rtaccordion-collapse-cd1fba90fd06fd43f5006f4c24e6163d\" class=\"accordion-collapse collapse\" aria-labelledby=\"rtaccordion-cd1fba90fd06fd43f5006f4c24e6163d\" data-bs-parent=\"#rtaccordion-1\">\r\n            <div class=\"accordion-body\">\r\n              <p style=\"text-align: justify\"><span style=\"font-size: 13pt;color: #000000\">A toda persona que desee emprender con sentido, ya sea en el \u00e1mbito de los negocios o en su vida personal. Tambi\u00e9n est\u00e1 pensado para profesionales en transici\u00f3n, l\u00edderes de equipo, instituciones educativas, empresas emergentes y agentes de cambio social.<\/span><\/p>            <\/div>\r\n        <\/div>\r\n   <\/div>\r\n       <div class=\"accordion-item\">\r\n           <h2 class=\"accordion-header\" id=\"rtaccordion-e8e6ed9ca66219b4833bed8157877d23\" >\r\n            <button class=\"accordion-button collapsed\" type=\"button\" data-bs-toggle=\"collapse\" data-bs-target=\"#rtaccordion-collapse-e8e6ed9ca66219b4833bed8157877d23\" aria-expanded=\"true\" >\r\n             \u00bfQU\u00c9 DIFERENCIA AL MODELO EMINDSET 3.0 DE OTROS ENFOQUES?                <\/button>\r\n           <\/h2>\r\n       <div id=\"rtaccordion-collapse-e8e6ed9ca66219b4833bed8157877d23\" class=\"accordion-collapse collapse\" aria-labelledby=\"rtaccordion-e8e6ed9ca66219b4833bed8157877d23\" data-bs-parent=\"#rtaccordion-1\">\r\n            <div class=\"accordion-body\">\r\n              <p style=\"text-align: justify\"><span style=\"color: #000000;font-size: 13pt\">A diferencia de modelos lineales o t\u00e9cnicos, EMindset 3.0 promueve un enfoque hol\u00edstico, adaptable y evolutivo, que considera tanto los procesos internos (mentalidad, prop\u00f3sito, h\u00e1bitos) como los externos (gesti\u00f3n, estrategia, innovaci\u00f3n), facilitando un crecimiento exponencial sostenible.<\/span><\/p>            <\/div>\r\n        <\/div>\r\n   <\/div>\r\n       <div class=\"accordion-item\">\r\n           <h2 class=\"accordion-header\" id=\"rtaccordion-6bab31e08f8536a0b5e4027b2e39aad7\" >\r\n            <button class=\"accordion-button collapsed\" type=\"button\" data-bs-toggle=\"collapse\" data-bs-target=\"#rtaccordion-collapse-6bab31e08f8536a0b5e4027b2e39aad7\" aria-expanded=\"true\" >\r\n             \u00bfQU\u00c9 SIGNIFICA \u201cCRECIMIENTO EXPONENCIAL CONSCIENTE\u201d?                <\/button>\r\n           <\/h2>\r\n       <div id=\"rtaccordion-collapse-6bab31e08f8536a0b5e4027b2e39aad7\" class=\"accordion-collapse collapse\" aria-labelledby=\"rtaccordion-6bab31e08f8536a0b5e4027b2e39aad7\" data-bs-parent=\"#rtaccordion-1\">\r\n            <div class=\"accordion-body\">\r\n              <p style=\"text-align: justify\"><span style=\"color: #000000;font-size: 13pt\">Es la capacidad de crecer de forma acelerada pero con direcci\u00f3n, integrando prop\u00f3sito, eficiencia y evoluci\u00f3n continua. En lugar de crecer por presi\u00f3n externa o urgencia, se trata de alinear lo que haces con lo que eres y deseas aportar al mundo.<\/span><\/p>            <\/div>\r\n        <\/div>\r\n   <\/div>\r\n       <div class=\"accordion-item\">\r\n           <h2 class=\"accordion-header\" id=\"rtaccordion-40b787af178ef1c9b2e1a46b0d602374\" >\r\n            <button class=\"accordion-button collapsed\" type=\"button\" data-bs-toggle=\"collapse\" data-bs-target=\"#rtaccordion-collapse-40b787af178ef1c9b2e1a46b0d602374\" aria-expanded=\"true\" >\r\n             \u00bfQU\u00c9 INCLUYE CADA UNO DE LOS TRES PILARES DEL MODELO?                <\/button>\r\n           <\/h2>\r\n       <div id=\"rtaccordion-collapse-40b787af178ef1c9b2e1a46b0d602374\" class=\"accordion-collapse collapse\" aria-labelledby=\"rtaccordion-40b787af178ef1c9b2e1a46b0d602374\" data-bs-parent=\"#rtaccordion-1\">\r\n            <div class=\"accordion-body\">\r\n              <ul><li class=\"\" data-start=\"1983\" data-end=\"2112\"><p class=\"\" style=\"text-align: justify\" data-start=\"1985\" data-end=\"2112\"><span style=\"font-size: 13pt;color: #000000\">Agilidad de Gesti\u00f3n: herramientas para tomar decisiones r\u00e1pidas y efectivas, organizar prioridades y adaptarse al cambio.<\/span><\/p><\/li><li class=\"\" style=\"text-align: justify\" data-start=\"2113\" data-end=\"2218\"><p class=\"\" data-start=\"2115\" data-end=\"2218\"><span style=\"font-size: 13pt;color: #000000\">Mejores Pr\u00e1cticas: h\u00e1bitos, sistemas y procesos que optimizan el rendimiento y la sostenibilidad.<\/span><\/p><\/li><li class=\"\" data-start=\"2219\" data-end=\"2338\"><p class=\"\" style=\"text-align: justify\" data-start=\"2221\" data-end=\"2338\"><span style=\"font-size: 13pt;color: #000000\">Innovaci\u00f3n Aplicada: creatividad con prop\u00f3sito, puesta en pr\u00e1ctica de ideas disruptivas que generen impacto real.<\/span><\/p><\/li><\/ul>            <\/div>\r\n        <\/div>\r\n   <\/div>\r\n       <div class=\"accordion-item\">\r\n           <h2 class=\"accordion-header\" id=\"rtaccordion-9c52b1cf0d56f608fddfe1244e544f8f\" >\r\n            <button class=\"accordion-button collapsed\" type=\"button\" data-bs-toggle=\"collapse\" data-bs-target=\"#rtaccordion-collapse-9c52b1cf0d56f608fddfe1244e544f8f\" aria-expanded=\"true\" >\r\n             \u00bfSE PUEDE APLICAR ESTE MODELO AUNQUE NO TENGA UN EMPRENDIMIENTO FORMAL?                <\/button>\r\n           <\/h2>\r\n       <div id=\"rtaccordion-collapse-9c52b1cf0d56f608fddfe1244e544f8f\" class=\"accordion-collapse collapse\" aria-labelledby=\"rtaccordion-9c52b1cf0d56f608fddfe1244e544f8f\" data-bs-parent=\"#rtaccordion-1\">\r\n            <div class=\"accordion-body\">\r\n              <p style=\"text-align: justify\"><span style=\"color: #000000;font-size: 13pt\">S\u00ed. El modelo es aplicable tanto a proyectos de vida como a emprendimientos econ\u00f3micos. Puedes usarlo para redise\u00f1ar tu carrera, mejorar tu liderazgo, replantear tus h\u00e1bitos o encontrar tu prop\u00f3sito. Emprender tambi\u00e9n significa redise\u00f1ar tu forma de vivir.<\/span><\/p>            <\/div>\r\n        <\/div>\r\n   <\/div>\r\n       <div class=\"accordion-item\">\r\n           <h2 class=\"accordion-header\" id=\"rtaccordion-4ef3d2ba8eec98c67fb9dcf681e6751a\" >\r\n            <button class=\"accordion-button collapsed\" type=\"button\" data-bs-toggle=\"collapse\" data-bs-target=\"#rtaccordion-collapse-4ef3d2ba8eec98c67fb9dcf681e6751a\" aria-expanded=\"true\" >\r\n             \u00bfESTE MODELO REEMPLAZA OTROS M\u00c9TODOS DE GESTI\u00d3N O DESARROLLO PERSONAL?                <\/button>\r\n           <\/h2>\r\n       <div id=\"rtaccordion-collapse-4ef3d2ba8eec98c67fb9dcf681e6751a\" class=\"accordion-collapse collapse\" aria-labelledby=\"rtaccordion-4ef3d2ba8eec98c67fb9dcf681e6751a\" data-bs-parent=\"#rtaccordion-1\">\r\n            <div class=\"accordion-body\">\r\n              <p style=\"text-align: justify\"><span style=\"font-size: 13pt;color: #000000\">No necesariamente. EMindset 3.0 puede integrarse con otras herramientas o enfoques. Es un marco que organiza, alinea y da sentido a lo que ya haces, ayud\u00e1ndote a potenciar tus recursos y avanzar de manera m\u00e1s coherente y efectiva.<\/span><\/p>            <\/div>\r\n        <\/div>\r\n   <\/div>\r\n       <div class=\"accordion-item\">\r\n           <h2 class=\"accordion-header\" id=\"rtaccordion-ba2fb05797fa47f2ec35f6caa4bb9371\" >\r\n            <button class=\"accordion-button collapsed\" type=\"button\" data-bs-toggle=\"collapse\" data-bs-target=\"#rtaccordion-collapse-ba2fb05797fa47f2ec35f6caa4bb9371\" aria-expanded=\"true\" >\r\n             \u00bfD\u00d3NDE PUEDO COMENZAR SE ME INTERESA ESTE ENFOQUE?                <\/button>\r\n           <\/h2>\r\n       <div id=\"rtaccordion-collapse-ba2fb05797fa47f2ec35f6caa4bb9371\" class=\"accordion-collapse collapse\" aria-labelledby=\"rtaccordion-ba2fb05797fa47f2ec35f6caa4bb9371\" data-bs-parent=\"#rtaccordion-1\">\r\n            <div class=\"accordion-body\">\r\n              <p style=\"text-align: justify\"><span style=\"color: #000000;font-size: 13pt\">Puedes explorar los pilares en esta misma web, agendar una sesi\u00f3n de diagn\u00f3stico sin costo o descargar los primeros materiales introductorios al modelo. El camino comienza por comprender tu momento actual y conectar con tu prop\u00f3sito.<\/span><\/p>            <\/div>\r\n        <\/div>\r\n   <\/div>\r\n       <div class=\"accordion-item\">\r\n           <h2 class=\"accordion-header\" id=\"rtaccordion-7dfe6b1482790845c1ed9246c1c327b1\" >\r\n            <button class=\"accordion-button collapsed\" type=\"button\" data-bs-toggle=\"collapse\" data-bs-target=\"#rtaccordion-collapse-7dfe6b1482790845c1ed9246c1c327b1\" aria-expanded=\"true\" >\r\n             \u00bfHAY UNA COMUNIDAD VINCULADA AL PRESENTE MODELO?                <\/button>\r\n           <\/h2>\r\n       <div id=\"rtaccordion-collapse-7dfe6b1482790845c1ed9246c1c327b1\" class=\"accordion-collapse collapse\" aria-labelledby=\"rtaccordion-7dfe6b1482790845c1ed9246c1c327b1\" data-bs-parent=\"#rtaccordion-1\">\r\n            <div class=\"accordion-body\">\r\n              <p style=\"text-align: justify\"><span style=\"font-size: 13pt;color: #000000\">S\u00ed. EMindset 3.0 impulsa una red de emprendedores de vida y de negocios que comparten visi\u00f3n, valores y deseo de transformaci\u00f3n. Pronto podr\u00e1s sumarte a esta comunidad para compartir experiencias, aprendizajes y apoyo colectivo.<\/span><\/p>            <\/div>\r\n        <\/div>\r\n   <\/div>\r\n       <div class=\"accordion-item\">\r\n           <h2 class=\"accordion-header\" id=\"rtaccordion-532bb924edf5157fefe9a7084c286077\" >\r\n            <button class=\"accordion-button collapsed\" type=\"button\" data-bs-toggle=\"collapse\" data-bs-target=\"#rtaccordion-collapse-532bb924edf5157fefe9a7084c286077\" aria-expanded=\"true\" >\r\n             \u00bfQU\u00c9 PASA SI A\u00daN NO TENGO CLARIDAD SOBRE MI PROP\u00d3SITO O MI PROYECTO?                <\/button>\r\n           <\/h2>\r\n       <div id=\"rtaccordion-collapse-532bb924edf5157fefe9a7084c286077\" class=\"accordion-collapse collapse\" aria-labelledby=\"rtaccordion-532bb924edf5157fefe9a7084c286077\" data-bs-parent=\"#rtaccordion-1\">\r\n            <div class=\"accordion-body\">\r\n              <p style=\"text-align: justify\"><span style=\"color: #000000;font-size: 13pt\">No necesitas tener todo definido para comenzar. El modelo EMindset 3.0 est\u00e1 dise\u00f1ado precisamente para acompa\u00f1arte desde la etapa de b\u00fasqueda o confusi\u00f3n, ayud\u00e1ndote a descubrir tu direcci\u00f3n, conectar con lo que te moviliza y construir desde ah\u00ed una estrategia clara. A trav\u00e9s del trabajo con los pilares, podr\u00e1s ordenar tus ideas, validar tus inquietudes y transformar tu potencial en un camino concreto, ya sea personal o de negocio. Recuerda que la claridad no es el punto de partida, sino el resultado del proceso.<\/span><\/p>            <\/div>\r\n        <\/div>\r\n   <\/div>\r\n       <div class=\"accordion-item\">\r\n           <h2 class=\"accordion-header\" id=\"rtaccordion-6f734494a36d37762d30f21b0e210612\" >\r\n            <button class=\"accordion-button collapsed\" type=\"button\" data-bs-toggle=\"collapse\" data-bs-target=\"#rtaccordion-collapse-6f734494a36d37762d30f21b0e210612\" aria-expanded=\"true\" >\r\n             \u00bfDE QU\u00c9 ME SIRVE EL MODELO SI NO OBTENGO BUENOS RESULTADOS?                <\/button>\r\n           <\/h2>\r\n       <div id=\"rtaccordion-collapse-6f734494a36d37762d30f21b0e210612\" class=\"accordion-collapse collapse\" aria-labelledby=\"rtaccordion-6f734494a36d37762d30f21b0e210612\" data-bs-parent=\"#rtaccordion-1\">\r\n            <div class=\"accordion-body\">\r\n              <p style=\"text-align: justify\"><span style=\"color: #000000;font-size: 13pt\">El modelo EMindset 3.0 no promueve un enfoque rom\u00e1ntico o desarraigado de la realidad, producto de un mal resultado, que puede deberse a m\u00faltiples factores directos o indirectos relacionados con el emprendimiento; sino se manifiesta el una estructura de integraci\u00f3n consciente y estrat\u00e9gica de tres dimensiones de trabajo, sin negar la importancia de los resultados.<\/span><\/p><p style=\"text-align: justify\"><span style=\"color: #000000;font-size: 14pt\">En este sentido, por ejemplo, la Agilidad de Gesti\u00f3n y las Mejores Pr\u00e1cticas no solo existen para inspirar, sino para dar herramientas concretas que sostengan orden, eficiencia y sostenibilidad. As\u00ed mismo el prop\u00f3sito o sentido del emprendimiento no reemplaza los datos, los ingresos ni las m\u00e9tricas clave, sino aporta con una capa de estructura y coherencia que permite tomar decisiones con mayor claridad o, incluso, redirigir un negocio cuando pierde rumbo o ya no se adapta al contexto actual necesario.<\/span><\/p>            <\/div>\r\n        <\/div>\r\n   <\/div>\r\n    <\/div>\r\n\t\t\t\t<\/div>\n\t\t\t\t<\/div>\n\t\t\t\t\t<\/div>\n\t\t<\/div>\n\t\t\t\t\t<\/div>\n\t\t<\/section>\n\t\t\t\t\t<\/div>\n\t\t<\/div>\n\t\t\t\t\t<\/div>\n\t\t<\/section>\n\t\t\t\t<\/div>","protected":false},"excerpt":{"rendered":"<p>Preguntas y Respuestas \u00bfQU\u00c9 ES EL MODELO EMINDSET 3.0? Es un modelo de pensamiento y acci\u00f3n dise\u00f1ado por Luis Becerra para guiar a emprendedores de vida y de negocios en procesos de crecimiento consciente, eficiente e innovador. Integra tres pilares fundamentales: Agilidad de Gesti\u00f3n, Mejores Pr\u00e1cticas e Innovaci\u00f3n Aplicada, para generar resultados sostenibles con prop\u00f3sito. [&hellip;]<\/p>\n","protected":false},"author":1,"featured_media":0,"parent":0,"menu_order":0,"comment_status":"closed","ping_status":"closed","template":"","meta":{"footnotes":""},"class_list":["post-4926","page","type-page","status-publish","hentry"],"_links":{"self":[{"href":"https:\/\/www.emindset30.com\/es_es\/wp-json\/wp\/v2\/pages\/4926","targetHints":{"allow":["GET"]}}],"collection":[{"href":"https:\/\/www.emindset30.com\/es_es\/wp-json\/wp\/v2\/pages"}],"about":[{"href":"https:\/\/www.emindset30.com\/es_es\/wp-json\/wp\/v2\/types\/page"}],"author":[{"embeddable":true,"href":"https:\/\/www.emindset30.com\/es_es\/wp-json\/wp\/v2\/users\/1"}],"replies":[{"embeddable":true,"href":"https:\/\/www.emindset30.com\/es_es\/wp-json\/wp\/v2\/comments?post=4926"}],"version-history":[{"count":92,"href":"https:\/\/www.emindset30.com\/es_es\/wp-json\/wp\/v2\/pages\/4926\/revisions"}],"predecessor-version":[{"id":10411,"href":"https:\/\/www.emindset30.com\/es_es\/wp-json\/wp\/v2\/pages\/4926\/revisions\/10411"}],"wp:attachment":[{"href":"https:\/\/www.emindset30.com\/es_es\/wp-json\/wp\/v2\/media?parent=4926"}],"curies":[{"name":"wp","href":"https:\/\/api.w.org\/{rel}","templated":true}]}}