{"id":4909,"date":"2021-11-19T08:51:19","date_gmt":"2021-11-19T08:51:19","guid":{"rendered":"https:\/\/www.emindset30.com\/?page_id=4909"},"modified":"2025-04-11T03:19:00","modified_gmt":"2025-04-11T03:19:00","slug":"equipo","status":"publish","type":"page","link":"https:\/\/www.emindset30.com\/es_es\/equipo\/","title":{"rendered":"EQUIPO"},"content":{"rendered":"<div data-elementor-type=\"wp-page\" data-elementor-id=\"4909\" class=\"elementor elementor-4909\">\n\t\t\t\t\t\t<section class=\"elementor-section elementor-top-section elementor-element elementor-element-9924c09 elementor-section-boxed elementor-section-height-default elementor-section-height-default rt-parallax-bg-no\" data-id=\"9924c09\" data-element_type=\"section\" data-e-type=\"section\">\n\t\t\t\t\t\t<div class=\"elementor-container elementor-column-gap-default\">\n\t\t\t\t\t<div class=\"elementor-column elementor-col-100 elementor-top-column elementor-element elementor-element-2d4f898\" data-id=\"2d4f898\" data-element_type=\"column\" data-e-type=\"column\">\n\t\t\t<div class=\"elementor-widget-wrap elementor-element-populated\">\n\t\t\t\t\t\t<div class=\"elementor-element elementor-element-29ffdd3 elementor-invisible elementor-widget elementor-widget-rt-team\" data-id=\"29ffdd3\" data-element_type=\"widget\" data-e-type=\"widget\" data-widget_type=\"rt-team.default\">\n\t\t\t\t<div class=\"elementor-widget-container\">\n\t\t\t\t\t<div class=\"team-default team-multi-layout-2 team-grid-style3\">\r\n\t<div class=\"row\">\r\n\t\t\t\t\t\t<div class=\"col-lg-6 col-md-6 col-sm-6 col-12 col-12\">\r\n\t\t\t\t\t<div class=\"rtin-item rt-animate wow fadeInUp\" data-wow-delay=\"0.1s\" data-wow-duration=\"0.6s\">\r\n\t\t\t\t\t\t<div class=\"rtin-content-wrap\">\r\n\t\t\t\t\t\t\t<div class=\"rtin-thums\">\r\n\t\t\t\t\t\t\t\t<a href=\"https:\/\/www.emindset30.com\/es_es\/team\/cecilia-castro-m\/\">\r\n\t\t\t\t\t\t\t\t\t<img decoding=\"async\" width=\"180\" height=\"180\" src=\"https:\/\/www.emindset30.com\/wp-content\/uploads\/2023\/07\/testi1.png\" class=\"attachment-finbuzz-size8 size-finbuzz-size8 wp-post-image\" alt=\"\" srcset=\"https:\/\/www.emindset30.com\/wp-content\/uploads\/2023\/07\/testi1.png 180w, https:\/\/www.emindset30.com\/wp-content\/uploads\/2023\/07\/testi1-155x155.png 155w, https:\/\/www.emindset30.com\/wp-content\/uploads\/2023\/07\/testi1-150x150.png 150w\" sizes=\"(max-width: 180px) 100vw, 180px\" \/>\t\t\t\t\t\t\t\t<\/a>\r\n\t\t\t\t\t\t\t<\/div>\r\n\t\t\t\t\t\t\t<div class=\"rtin-content\">\r\n\t\t\t\t\t\t\t\t<h3 class=\"rtin-title\"><a href=\"https:\/\/www.emindset30.com\/es_es\/team\/cecilia-castro-m\/\">Cecilia Castro M.<\/a><\/h3>\r\n\t\t\t\t\t\t\t\t\t\t\t\t\t\t\t\t\t<div class=\"rtin-designation\">Coach Organizacional<\/div>\r\n\t\t\t\t\t\t\t\t\t\t\t\t\t\t\t\t\t\t\t\t\t\t\t\t\t<p>Ingeniero en Administraci\u00f3n de Empresas, especialista en<\/p>\t\t\t\t\t\t\t\t\t\t\t\t\t\t\t\t\t\t\t\t\t\t\t\t\t<div class=\"item-button\">\r\n\t\t\t\t\t\t\t\t\t\t<a href=\"https:\/\/www.emindset30.com\/es_es\/team\/cecilia-castro-m\/\" class=\"btn-style4\">+ <span>Leer M\u00e1s<\/span><\/a>\r\n\t\t\t\t\t\t\t\t\t<\/div>\r\n\t\t\t\t\t\t\t\t\t\r\n\t\t\t\t\t\t\t<\/div>\r\n\t\t\t\t\t\t<\/div>\r\n\t\t\t\t\t<\/div>\r\n\t\t\t\t<\/div>\r\n\t\t\t\t\t\t\t<div class=\"col-lg-6 col-md-6 col-sm-6 col-12 col-12\">\r\n\t\t\t\t\t<div class=\"rtin-item rt-animate wow fadeInUp\" data-wow-delay=\"0.3s\" data-wow-duration=\"0.6s\">\r\n\t\t\t\t\t\t<div class=\"rtin-content-wrap\">\r\n\t\t\t\t\t\t\t<div class=\"rtin-thums\">\r\n\t\t\t\t\t\t\t\t<a href=\"https:\/\/www.emindset30.com\/es_es\/team\/luis-becerra-a\/\">\r\n\t\t\t\t\t\t\t\t\t<img decoding=\"async\" width=\"180\" height=\"180\" src=\"https:\/\/www.emindset30.com\/wp-content\/uploads\/2025\/01\/testi3.png\" class=\"attachment-finbuzz-size8 size-finbuzz-size8 wp-post-image\" alt=\"\" srcset=\"https:\/\/www.emindset30.com\/wp-content\/uploads\/2025\/01\/testi3.png 180w, https:\/\/www.emindset30.com\/wp-content\/uploads\/2025\/01\/testi3-150x150.png 150w, https:\/\/www.emindset30.com\/wp-content\/uploads\/2025\/01\/testi3-12x12.png 12w, https:\/\/www.emindset30.com\/wp-content\/uploads\/2025\/01\/testi3-155x155.png 155w\" sizes=\"(max-width: 180px) 100vw, 180px\" \/>\t\t\t\t\t\t\t\t<\/a>\r\n\t\t\t\t\t\t\t<\/div>\r\n\t\t\t\t\t\t\t<div class=\"rtin-content\">\r\n\t\t\t\t\t\t\t\t<h3 class=\"rtin-title\"><a href=\"https:\/\/www.emindset30.com\/es_es\/team\/luis-becerra-a\/\">Luis Becerra A.<\/a><\/h3>\r\n\t\t\t\t\t\t\t\t\t\t\t\t\t\t\t\t\t<div class=\"rtin-designation\">Coach Organizacional<\/div>\r\n\t\t\t\t\t\t\t\t\t\t\t\t\t\t\t\t\t\t\t\t\t\t\t\t\t<p>Coach de vida y organizacional certificado, creador<\/p>\t\t\t\t\t\t\t\t\t\t\t\t\t\t\t\t\t\t\t\t\t\t\t\t\t<div class=\"item-button\">\r\n\t\t\t\t\t\t\t\t\t\t<a href=\"https:\/\/www.emindset30.com\/es_es\/team\/luis-becerra-a\/\" class=\"btn-style4\">+ <span>Leer M\u00e1s<\/span><\/a>\r\n\t\t\t\t\t\t\t\t\t<\/div>\r\n\t\t\t\t\t\t\t\t\t\r\n\t\t\t\t\t\t\t<\/div>\r\n\t\t\t\t\t\t<\/div>\r\n\t\t\t\t\t<\/div>\r\n\t\t\t\t<\/div>\r\n\t\t\t\t\t\t\t<div class=\"col-lg-6 col-md-6 col-sm-6 col-12 col-12\">\r\n\t\t\t\t\t<div class=\"rtin-item rt-animate wow fadeInUp\" data-wow-delay=\"0.5s\" data-wow-duration=\"0.6s\">\r\n\t\t\t\t\t\t<div class=\"rtin-content-wrap\">\r\n\t\t\t\t\t\t\t<div class=\"rtin-thums\">\r\n\t\t\t\t\t\t\t\t<a href=\"https:\/\/www.emindset30.com\/es_es\/team\/roberto-lagos-e\/\">\r\n\t\t\t\t\t\t\t\t\t<img decoding=\"async\" width=\"180\" height=\"180\" src=\"https:\/\/www.emindset30.com\/wp-content\/uploads\/2025\/01\/testi4.png\" class=\"attachment-finbuzz-size8 size-finbuzz-size8 wp-post-image\" alt=\"\" srcset=\"https:\/\/www.emindset30.com\/wp-content\/uploads\/2025\/01\/testi4.png 180w, https:\/\/www.emindset30.com\/wp-content\/uploads\/2025\/01\/testi4-150x150.png 150w, https:\/\/www.emindset30.com\/wp-content\/uploads\/2025\/01\/testi4-12x12.png 12w, https:\/\/www.emindset30.com\/wp-content\/uploads\/2025\/01\/testi4-155x155.png 155w\" sizes=\"(max-width: 180px) 100vw, 180px\" \/>\t\t\t\t\t\t\t\t<\/a>\r\n\t\t\t\t\t\t\t<\/div>\r\n\t\t\t\t\t\t\t<div class=\"rtin-content\">\r\n\t\t\t\t\t\t\t\t<h3 class=\"rtin-title\"><a href=\"https:\/\/www.emindset30.com\/es_es\/team\/roberto-lagos-e\/\">Roberto Lagos E.<\/a><\/h3>\r\n\t\t\t\t\t\t\t\t\t\t\t\t\t\t\t\t\t<div class=\"rtin-designation\">Coach Organizacional<\/div>\r\n\t\t\t\t\t\t\t\t\t\t\t\t\t\t\t\t\t\t\t\t\t\t\t\t\t<p>Ingeniero Civil Industrial, especialista en tecnolog\u00eda, innovaci\u00f3n<\/p>\t\t\t\t\t\t\t\t\t\t\t\t\t\t\t\t\t\t\t\t\t\t\t\t\t<div class=\"item-button\">\r\n\t\t\t\t\t\t\t\t\t\t<a href=\"https:\/\/www.emindset30.com\/es_es\/team\/roberto-lagos-e\/\" class=\"btn-style4\">+ <span>Leer M\u00e1s<\/span><\/a>\r\n\t\t\t\t\t\t\t\t\t<\/div>\r\n\t\t\t\t\t\t\t\t\t\r\n\t\t\t\t\t\t\t<\/div>\r\n\t\t\t\t\t\t<\/div>\r\n\t\t\t\t\t<\/div>\r\n\t\t\t\t<\/div>\r\n\t\t\t\t\t\t\t\t<\/div>\r\n\t\t<\/div>\t\t\t\t<\/div>\n\t\t\t\t<\/div>\n\t\t\t\t\t<\/div>\n\t\t<\/div>\n\t\t\t\t\t<\/div>\n\t\t<\/section>\n\t\t\t\t<\/div>","protected":false},"excerpt":{"rendered":"<p>Carolina Betancourt S. Coach Organizacional Publicista Profesional a cargo de \u00e1reas de + Leer M\u00e1s Luis Becerra A. Coach Organizacional Coach de vida y organizacional certificado, creador + Leer M\u00e1s Roberto Lagos E. Coach Organizacional Ingeniero Civil Industrial, especialista en tecnolog\u00eda, innovaci\u00f3n + Leer M\u00e1s<\/p>","protected":false},"author":1,"featured_media":0,"parent":0,"menu_order":0,"comment_status":"closed","ping_status":"closed","template":"elementor_header_footer","meta":{"footnotes":""},"class_list":["post-4909","page","type-page","status-publish","hentry"],"_links":{"self":[{"href":"https:\/\/www.emindset30.com\/es_es\/wp-json\/wp\/v2\/pages\/4909","targetHints":{"allow":["GET"]}}],"collection":[{"href":"https:\/\/www.emindset30.com\/es_es\/wp-json\/wp\/v2\/pages"}],"about":[{"href":"https:\/\/www.emindset30.com\/es_es\/wp-json\/wp\/v2\/types\/page"}],"author":[{"embeddable":true,"href":"https:\/\/www.emindset30.com\/es_es\/wp-json\/wp\/v2\/users\/1"}],"replies":[{"embeddable":true,"href":"https:\/\/www.emindset30.com\/es_es\/wp-json\/wp\/v2\/comments?post=4909"}],"version-history":[{"count":10,"href":"https:\/\/www.emindset30.com\/es_es\/wp-json\/wp\/v2\/pages\/4909\/revisions"}],"predecessor-version":[{"id":9525,"href":"https:\/\/www.emindset30.com\/es_es\/wp-json\/wp\/v2\/pages\/4909\/revisions\/9525"}],"wp:attachment":[{"href":"https:\/\/www.emindset30.com\/es_es\/wp-json\/wp\/v2\/media?parent=4909"}],"curies":[{"name":"wp","href":"https:\/\/api.w.org\/{rel}","templated":true}]}}