{"id":3,"date":"2021-09-30T03:00:36","date_gmt":"2021-09-30T03:00:36","guid":{"rendered":"https:\/\/www.emindset30.com\/?page_id=3"},"modified":"2025-04-17T21:19:27","modified_gmt":"2025-04-17T21:19:27","slug":"politica-de-privacidad","status":"publish","type":"page","link":"https:\/\/www.emindset30.com\/es_es\/politica-de-privacidad\/","title":{"rendered":"Pol\u00edtica de Privacidad"},"content":{"rendered":"<p style=\"text-align: center;\"><span style=\"font-size: 21pt; color: #000000;\"><strong><span lang=\"es-419\">Pol\u00edtica de Privacidad<\/span><\/strong><\/span><\/p>\r\n<p style=\"text-align: justify;\"><span style=\"font-size: 15pt; color: #000000;\"><strong>Introducci\u00f3n y Compromiso:<\/strong><\/span><\/p>\r\n<p style=\"text-align: justify;\"><span style=\"font-size: 13pt; color: #000000;\">El Threamers Institute se esfuerza por ser un pilar en la formaci\u00f3n de emprendedores, y eso incluye la protecci\u00f3n y el respeto de la privacidad de nuestros usuarios. Esta pol\u00edtica tiene como objetivo explicar detalladamente las pr\u00e1cticas que adoptamos al manejar su informaci\u00f3n personal y los principios \u00e9ticos que seguimos en este proceso.<\/span><\/p>\r\n<p style=\"text-align: justify;\"><span style=\"font-size: 15pt; color: #000000;\"><strong>Recopilaci\u00f3n de datos<\/strong><\/span><\/p>\r\n<p style=\"text-align: justify;\"><span style=\"font-size: 13pt; color: #000000;\">Cuando interact\u00faa con nuestra plataforma, ya sea para registrarse, inscribirse en un curso o simplemente navegar, recopilamos datos. Estos incluyen detalles como su nombre, direcci\u00f3n de correo electr\u00f3nico, n\u00famero de tel\u00e9fono y, si realiza una compra, informaci\u00f3n financiera. Es esencial entender que la recopilaci\u00f3n de estos datos es con su consentimiento y se utiliza para mejorar su experiencia con nosotros.<\/span><\/p>\r\n<p style=\"text-align: justify;\"><span style=\"font-size: 15pt; color: #000000;\"><strong>Uso y finalidad de la informaci\u00f3n recopilada<\/strong>\u00a0<\/span><\/p>\r\n<p style=\"text-align: justify;\"><span style=\"font-size: 13pt; color: #000000;\">M\u00e1s all\u00e1 del registro y la compra de cursos, utilizamos su informaci\u00f3n para entender mejor sus necesidades y personalizar su experiencia. Esto significa que podr\u00edamos enviarle material educativo relevante, boletines informativos y ocasionalmente, ofertas especiales. Tambi\u00e9n nos permite mejorar constantemente nuestra plataforma y ofrecer cursos m\u00e1s acordes a sus intereses.<\/span><\/p>\r\n<p style=\"text-align: justify;\"><span style=\"font-size: 15pt; color: #000000;\"><strong>Mecanismos de protecci\u00f3n<\/strong><\/span><\/p>\r\n<p style=\"text-align: justify;\"><span style=\"font-size: 13pt; color: #000000;\">Tomamos la seguridad de sus datos seriamente. Utilizamos t\u00e9cnicas avanzadas de encriptaci\u00f3n, protocolos de seguridad y otras medidas para asegurar que su informaci\u00f3n est\u00e9 protegida contra accesos no autorizados, p\u00e9rdidas o mal uso. Nuestro compromiso es mantener sus datos seguros en todo momento.<\/span><\/p>\r\n<p style=\"text-align: justify;\"><span style=\"font-size: 15pt; color: #000000;\"><strong>Pol\u00edtica respecto a terceros<\/strong><\/span><\/p>\r\n<p style=\"text-align: justify;\"><span style=\"font-size: 13pt; color: #000000;\">No comercializamos su informaci\u00f3n. Sin embargo, colaboramos con terceros como proveedores de servicios de pago o herramientas de marketing. Estos terceros tienen acceso limitado a su informaci\u00f3n y s\u00f3lo para realizar tareas espec\u00edficas. Adem\u00e1s, est\u00e1n obligados por acuerdos legales a garantizar la misma protecci\u00f3n que nosotros ofrecemos.<\/span><\/p>\r\n<p style=\"text-align: justify;\"><span style=\"font-size: 15pt; color: #000000;\"><strong>Cookies y tecnolog\u00edas de rastreo<\/strong><\/span><\/p>\r\n<p style=\"text-align: justify;\"><span style=\"font-size: 13pt; color: #000000;\">Usamos cookies para mejorar su experiencia, personalizando contenido y publicidad. Estas cookies tambi\u00e9n nos ayudan a entender c\u00f3mo los usuarios interact\u00faan con nuestro sitio. Si bien puede desactivarlas, hacerlo podr\u00eda limitar la funcionalidad de nuestro sitio.<\/span><\/p>\r\n<p style=\"text-align: justify;\"><span style=\"font-size: 15pt; color: #000000;\"><strong>Sus derechos sobre sus datos<\/strong><\/span><\/p>\r\n<p style=\"text-align: justify;\"><span style=\"font-size: 13pt; color: #000000;\">Usted tiene total control sobre sus datos. Puede solicitar acceder a ellos, rectificarlos, eliminarlos o limitar su procesamiento. Tambi\u00e9n tiene derecho a oponerse al uso de sus datos para fines espec\u00edficos y a solicitar su portabilidad.<\/span><\/p>\r\n<p style=\"text-align: justify;\"><span style=\"font-size: 15pt; color: #000000;\"><strong>Periodo de retenci\u00f3n de datos<\/strong><\/span><\/p>\r\n<p style=\"text-align: justify;\"><span style=\"font-size: 13pt; color: #000000;\">Su informaci\u00f3n se conserva mientras su cuenta est\u00e9 activa y se necesita para proporcionarle nuestros servicios. Si decide cancelar su cuenta o no desea que usemos su informaci\u00f3n, respetaremos su decisi\u00f3n y tomaremos medidas correspondientes.<\/span><\/p>\r\n<p style=\"text-align: justify;\"><span style=\"font-size: 15pt; color: #000000;\"><strong>Actualizaciones y cambios en la pol\u00edtica<\/strong><\/span><\/p>\r\n<p style=\"text-align: justify;\"><span style=\"font-size: 13pt; color: #000000;\">Las regulaciones y tecnolog\u00edas cambian. Por eso, ocasionalmente actualizamos esta pol\u00edtica. Siempre que haya un cambio significativo, nos aseguraremos de informarle y ofrecerle la opci\u00f3n de revisar los detalles.<\/span><\/p>\r\n<p style=\"text-align: justify;\"><span style=\"font-size: 15pt; color: #000000;\"><strong>Protecci\u00f3n de menores<\/strong><\/span><\/p>\r\n<p style=\"text-align: justify;\"><span style=\"font-size: 13pt; color: #000000;\">Nuestra plataforma est\u00e1 dise\u00f1ada para adultos, principalmente emprendedores en formaci\u00f3n. No recopilamos intencionadamente informaci\u00f3n de menores de 18 a\u00f1os. Si descubrimos que hemos recopilado datos de un menor sin el consentimiento de sus padres o tutores, eliminaremos dicha informaci\u00f3n de inmediato.<\/span><\/p>\r\n<p style=\"text-align: justify;\"><span style=\"font-size: 15pt; color: #000000;\"><strong>Jurisdicci\u00f3n y leyes aplicables<\/strong><\/span><\/p>\r\n<p style=\"text-align: justify;\"><span style=\"font-size: 13pt; color: #000000;\">Esta pol\u00edtica se rige por las leyes del pa\u00eds de operaci\u00f3n de Threamers Institute. Cualquier inquietud o disputa se tratar\u00e1 conforme a la legislaci\u00f3n vigente en dicho territorio.<\/span><\/p>\r\n<p style=\"text-align: justify;\"><span style=\"font-size: 15pt; color: #000000;\"><strong>Transferencias internacionales<\/strong><\/span><\/p>\r\n<p style=\"text-align: justify;\"><span style=\"font-size: 13pt; color: #000000;\">A pesar de ser una instituci\u00f3n local, la naturaleza digital de nuestra operaci\u00f3n implica que los datos pueden almacenarse en servidores en otros pa\u00edses. Aseguramos que estas locaciones cumplen con est\u00e1ndares internacionales de protecci\u00f3n de datos.<\/span><\/p>\r\n<p style=\"text-align: justify;\"><span style=\"font-size: 15pt; color: #000000;\"><strong>Contacto y dudas<\/strong><\/span><\/p>\r\n<p style=\"text-align: justify;\"><span style=\"font-size: 13pt; color: #000000;\">Estamos aqu\u00ed para ayudar. Si tiene alguna pregunta, inquietud o simplemente desea saber m\u00e1s sobre c\u00f3mo manejamos su informaci\u00f3n, no dude en contactarnos.<\/span><\/p>\r\n<p style=\"text-align: justify;\"><span style=\"font-size: 15pt; color: #000000;\"><strong>Aceptaci\u00f3n de la pol\u00edtica<\/strong><\/span><\/p>\r\n<p style=\"text-align: justify;\"><span style=\"font-size: 13pt; color: #000000;\">Al usar nuestros servicios, est\u00e1 dando su consentimiento para que procesemos su informaci\u00f3n seg\u00fan lo descrito en esta pol\u00edtica. Si no est\u00e1 de acuerdo con alguno de los puntos, le recomendamos reconsiderar el uso de nuestros servicios.<\/span><\/p>\r\n<p style=\"text-align: justify;\"><span style=\"font-size: 15pt; color: #000000;\"><strong>Responsabilidad y transparencia<\/strong><\/span><\/p>\r\n<p style=\"text-align: justify;\"><span style=\"font-size: 13pt; color: #000000;\">Estamos comprometidos con la transparencia y la responsabilidad. Trabajamos arduamente para asegurarnos de que esta pol\u00edtica refleje claramente nuestra operaci\u00f3n y nuestras intenciones. Valoramos la confianza que deposita en nosotros y trabajamos todos los d\u00edas para merecerla.<\/span><\/p>","protected":false},"excerpt":{"rendered":"<p>Pol\u00edtica de Privacidad Introducci\u00f3n y Compromiso: El Threamers Institute se esfuerza por ser un pilar en la formaci\u00f3n de emprendedores, y eso incluye la protecci\u00f3n y el respeto de la privacidad de nuestros usuarios. Esta pol\u00edtica tiene como objetivo explicar detalladamente las pr\u00e1cticas que adoptamos al manejar su informaci\u00f3n personal y los principios \u00e9ticos que [&hellip;]<\/p>\n","protected":false},"author":1,"featured_media":0,"parent":0,"menu_order":0,"comment_status":"closed","ping_status":"closed","template":"","meta":{"footnotes":""},"class_list":["post-3","page","type-page","status-publish","hentry"],"_links":{"self":[{"href":"https:\/\/www.emindset30.com\/es_es\/wp-json\/wp\/v2\/pages\/3","targetHints":{"allow":["GET"]}}],"collection":[{"href":"https:\/\/www.emindset30.com\/es_es\/wp-json\/wp\/v2\/pages"}],"about":[{"href":"https:\/\/www.emindset30.com\/es_es\/wp-json\/wp\/v2\/types\/page"}],"author":[{"embeddable":true,"href":"https:\/\/www.emindset30.com\/es_es\/wp-json\/wp\/v2\/users\/1"}],"replies":[{"embeddable":true,"href":"https:\/\/www.emindset30.com\/es_es\/wp-json\/wp\/v2\/comments?post=3"}],"version-history":[{"count":5,"href":"https:\/\/www.emindset30.com\/es_es\/wp-json\/wp\/v2\/pages\/3\/revisions"}],"predecessor-version":[{"id":10093,"href":"https:\/\/www.emindset30.com\/es_es\/wp-json\/wp\/v2\/pages\/3\/revisions\/10093"}],"wp:attachment":[{"href":"https:\/\/www.emindset30.com\/es_es\/wp-json\/wp\/v2\/media?parent=3"}],"curies":[{"name":"wp","href":"https:\/\/api.w.org\/{rel}","templated":true}]}}