{"id":10478,"date":"2025-03-30T21:30:27","date_gmt":"2025-03-30T21:30:27","guid":{"rendered":"https:\/\/www.emindset30.com\/cajas-de-herramientas-2\/"},"modified":"2025-06-24T02:04:46","modified_gmt":"2025-06-24T02:04:46","slug":"cajas-de-herramientas","status":"publish","type":"page","link":"https:\/\/www.emindset30.com\/es_es\/cajas-de-herramientas\/","title":{"rendered":"CAJAS"},"content":{"rendered":"<div data-elementor-type=\"wp-page\" data-elementor-id=\"10478\" class=\"elementor elementor-10478\">\n\t\t\t\t\t\t<section class=\"elementor-section elementor-top-section elementor-element elementor-element-3ed2b79d elementor-section-boxed elementor-section-height-default elementor-section-height-default rt-parallax-bg-no\" data-id=\"3ed2b79d\" data-element_type=\"section\" data-e-type=\"section\">\n\t\t\t\t\t\t<div class=\"elementor-container elementor-column-gap-default\">\n\t\t\t\t\t<div class=\"elementor-column elementor-col-100 elementor-top-column elementor-element elementor-element-2361a53b\" data-id=\"2361a53b\" data-element_type=\"column\" data-e-type=\"column\">\n\t\t\t<div class=\"elementor-widget-wrap elementor-element-populated\">\n\t\t\t\t\t\t<div class=\"elementor-element elementor-element-19b9a309 elementor-widget elementor-widget-text-editor\" data-id=\"19b9a309\" data-element_type=\"widget\" data-e-type=\"widget\" data-widget_type=\"text-editor.default\">\n\t\t\t\t<div class=\"elementor-widget-container\">\n\t\t\t\t\t\t\t\t\t\n<p style=\"text-align: center;\"><span style=\"color: #000000; font-weight: bold; text-align: justify; font-size: 25px;\">HERRAMIENTAS PR\u00c1CTICAS DE PILARES MODELO EMINDSET 3.0<\/span><\/p>\n<p><span style=\"font-size: 13pt; color: #000000;\"><\/span><\/p>\n<p><span style=\"font-size: 13pt; color: #000000;\"><\/span><\/p>\n<p>\u00a0<\/p>\n<p style=\"text-align: justify;\"><span style=\"color: #000000; font-size: 16pt;\"><strong>PILAR AGILIDAD DE GESTI\u00d3N<\/strong><\/span><\/p>\n<p style=\"text-align: justify;\"><span style=\"color: #000000; font-size: 16pt;\"><strong>M\u00e9todo FocusPlay<\/strong><\/span><\/p>\n<p style=\"text-align: justify;\"><span style=\"font-size: 13pt; color: #000000;\">FocusPlay, tambi\u00e9n conocido como &#8220;Juego de Enfoque&#8221;, es una versi\u00f3n evolucionada de la cl\u00e1sica matriz de prioridades, dise\u00f1ada especialmente para para entrenar el enfoque consciente y la priorizaci\u00f3n estrat\u00e9gica de acciones, decisiones o pensamientos. El m\u00e9todo permite identificar con claridad qu\u00e9 merece atenci\u00f3n, qu\u00e9 necesita ser postergado o delegado, y qu\u00e9 debe ser descartado por no estar alineado al prop\u00f3sito personal o laboral del emprendedor.<\/span><\/p>\n<p><span style=\"color: #000000; font-size: 16pt;\"><strong>M\u00e9todo BackLoop<\/strong><\/span><\/p>\n<p style=\"text-align: justify;\"><span style=\"color: #000000; font-size: 13pt;\">Backloop, tambi\u00e9n conocido como &#8220;Bucle Inverso&#8221; da caja contiene cinco herramientas fijas, cuidadosamente seleccionadas y validadas en coherencia con el enfoque integral del modelo. Estas herramientas funcionan como puentes entre el prop\u00f3sito personal del emprendedor y su implementaci\u00f3n concreta en proyectos de vida o de negocios.<\/span><\/p>\n<p><span style=\"color: #000000; font-size: 16pt;\"><strong>M\u00e9todo Stoping<\/strong><\/span><\/p>\n<p style=\"text-align: justify;\"><span style=\"font-size: 13pt; color: #000000;\">Stoping, tambi\u00e9n conocido como &#8220;Parando&#8221;, es un m\u00e9todo basado en los 4 pasos de &#8220;Silenciar, Tranquilizar, Observar y Priorizar&#8221; con base en el prop\u00f3sito. Es una herramienta del modelo dise\u00f1ada para ayudar a tomar decisiones conscientes y estrat\u00e9gicas en momentos clave,\u00a0 gestionando la impulsividad, incluso en situaciones de presi\u00f3n, duda o automatismo. En definitiva esta no es solo una t\u00e9cnica para decidir, sino una pr\u00e1ctica de autocontrol y alineaci\u00f3n constante.<\/span><\/p>\n<p><span style=\"color: #000000; font-size: 16pt;\"><strong>M\u00e9todo Plannerbee<\/strong><\/span><\/p>\n<p style=\"text-align: justify;\"><span style=\"font-size: 13pt; color: #000000;\">Plannerbee, tambi\u00e9n conocido como &#8220;Abeja Planificadora&#8221;, es un m\u00e9todo exclusivo del modelo EMindset 3.0 que propone una forma de planificaci\u00f3n c\u00edclica y viva, dise\u00f1ada especialmente para emprendedores que necesitan adaptarse continuamente a contextos cambiantes. Este enfoque sustituye los planes r\u00edgidos por ciclos breves, donde cada fase se revisa y ajusta estrat\u00e9gicamente para mantenerse alineado con el prop\u00f3sito y responder a la realidad actual.<\/span><\/p>\n<p><span style=\"color: #000000; font-size: 16pt;\"><strong>M\u00e9todo CheckUp<\/strong><\/span><\/p>\n<p style=\"text-align: justify;\"><span style=\"color: #000000; font-size: 13pt;\"><span style=\"color: #000000;\">CheckUp, tambi\u00e9n conocido como &#8220;Chequeo&#8221;, es un m\u00e9todo del mode se enfoca en <\/span>lanzar pruebas o versiones m\u00ednimas antes de comprometer recursos mayores, minimizando el riesgo y aprendiendo en el proceso. El m\u00e9todo evita que se invierta tiempo y recursos en algo que puede no ser relevante. En definitiva ayuda a aprender r\u00e1pido, ajustar y enfocarse en lo que realmente conecta con la persona que lo aplica.<\/span><\/p>\n<p>\u00a0<\/p>\n<p style=\"text-align: justify;\"><span style=\"color: #000000; font-size: 16pt;\"><strong>PILAR MEJORES PR\u00c1CTICAS<\/strong><\/span><\/p>\n<p style=\"text-align: justify;\"><span style=\"color: #000000; font-size: 16pt;\"><strong>M\u00e9todo Record<\/strong><\/span><\/p>\n<p style=\"text-align: justify;\"><span style=\"font-size: 14pt; color: #000000;\">Record representa los procesos de Reflexi\u00f3n, Enfoque, Constancia, Organizaci\u00f3n, Registro y Desarrollo de h\u00e1bitos. Este m\u00e9todo es una herramienta de autogesti\u00f3n integral basada en el seguimiento consciente de h\u00e1bitos y pr\u00e1cticas clave, que permite al emprendedor observar, registrar y ajustar su forma de actuar en sinton\u00eda con su prop\u00f3sito. Record permite cobinar acci\u00f3n con instrospecci\u00f3n.<\/span><\/p>\n<p style=\"text-align: justify;\"><span style=\"color: #000000; font-size: 16pt;\"><strong>M\u00e9todo Beat<\/strong><\/span><\/p>\n<p style=\"text-align: justify;\"><span style=\"color: #000000;\"><span style=\"font-size: 13pt;\">Beat, tambi\u00e9n conocido como &#8220;Ritmo Personal&#8221;, es un m\u00e9todo que permite a cada emprendedor identificar sus ritmos naturales de energ\u00eda, foco y creatividad a lo largo del d\u00eda, para alinear sus pr\u00e1cticas y decisiones con esos momentos \u00f3ptimos. En lugar de forzar h\u00e1bitos, RitmoBase propone observar y organizar las acciones clave seg\u00fan cu\u00e1ndo somos m\u00e1s eficientes, claros o creativos. As\u00ed, se construyen rutinas m\u00e1s sostenibles, se evita la sobreexigencia y se potencia el uso estrat\u00e9gico de las dem\u00e1s herramientas del modelo, desde una base de respeto personal y coherencia vital.<\/span><\/span><\/p>\n<p><span style=\"font-size: 16pt; color: #000000;\"><strong>M\u00e9todo Strive<\/strong><\/span><\/p>\n<p style=\"text-align: justify;\"><span style=\"font-size: 13pt; color: #000000;\">Strive, tambi\u00e9n entendido como &#8220;Seguimiento Transformador de Rituales, Intenciones, Valores y Ejecuci\u00f3n&#8221; de tareas, es un m\u00e9todo pr\u00e1ctico y estrat\u00e9gico dise\u00f1ado para realizar un seguimiento diario o semanal de los h\u00e1bitos personales y profesionales que sostienen la evoluci\u00f3n del emprendedora(a). A diferencia de un checklist tradicional, Strive combina el plano operativo de la acci\u00f3n con una breve reflexi\u00f3n consciente que alinea cada h\u00e1bito con el prop\u00f3sito del emprendedor, enfoc\u00e1ndose en sostener rutinas peque\u00f1as, pero poderosas, que se vuelven consistentes y personalizadas a lo largo del tiempo. <\/span><\/p>\n<p style=\"text-align: justify;\"><span style=\"font-size: 16pt; color: #000000;\"><strong> M\u00e9todo InOut<\/strong><\/span><\/p>\n<p style=\"text-align: justify;\"><span style=\"color: #000000; font-size: 13pt;\">Es un m\u00e9todo del modelo dise\u00f1ado para fortalecer el foco, la continuidad y el sentido profundo en cualquier ciclo de trabajo, jornada diaria o proyecto emprendedor de vida y de negocios. A trav\u00e9s de un ritual guiado de inicio (In) y cierre (Out<strong>)<\/strong>, se crea un espacio flexible para activar la intenci\u00f3n, valorar los avances, reajustar desde la conciencia y sostener la motivaci\u00f3n con prop\u00f3sito. En definitiva, el m\u00e9todo integra elementos estrat\u00e9gicos, emocionales y simb\u00f3licos que lo hacen valioso en su estructura emocional y mental, disminuyendo la dispersi\u00f3n, el cansancio y la sensaci\u00f3n de inercia.<\/span><\/p>\n<p><span style=\"color: #000000;\"><span style=\"font-size: 21.3333px;\"><b><span style=\"font-size: 16pt; color: #000000;\"><strong>M\u00e9todo <\/strong><\/span>Reset<\/b><\/span><\/span><\/p>\n<p style=\"text-align: justify;\"><span style=\"color: #000000; font-size: 13pt;\">Tambi\u00e9n entendido como &#8220;Reiniciar con Intensi\u00f3n&#8221;, se trata de un m\u00e9todo pr\u00e1ctico y reflexivo que actua como bit\u00e1cora emprendedora para detenerse y revisar lo que est\u00e1n viviendo, sintiendo y haciendo, para asegurarse de que van por un camino que realmente los representa. Permite mirar con honestidad c\u00f3mo van las cosas, qu\u00e9 aprendizajes surgen y qu\u00e9 peque\u00f1os ajustes se pueden hacer para mejorar sin perder el rumbo. Este m\u00e9todo en ningun caso implica volver a &#8220;0&#8221;, sino como un proceso de evoluci\u00f3n destinado a ser usado de forma individual o grupal, fomentando una retroalimentaci\u00f3n consciente que conecta las acciones diarias con el prop\u00f3sito personal o de negocio, generando claridad, foco y evoluci\u00f3n constante.<\/span><\/p>\n<p>\u00a0<\/p>\n<p><span style=\"color: #000000; font-size: 16pt;\"><strong>PILAR INNOVACI\u00d3N APLICADA<\/strong><\/span><\/p>\n<p style=\"text-align: justify;\"><span style=\"font-size: 16pt; color: #000000;\"><strong>M\u00e9todo Iddear<\/strong><\/span><\/p>\n<p style=\"text-align: justify;\"><span style=\"font-size: 13pt; color: #000000;\">Idear representa el proceso de Imaginar, Deducir, Desafiar, Explorar, Ajustar y Reaplicar. Es una<\/span><span style=\"font-size: 13pt; color: #000000;\"> metodolog\u00eda el modelo que gu\u00eda al emprendedor a activar su capacidad creativa con sentido. Propone un viaje desde la imaginaci\u00f3n libre hasta la reaplicaci\u00f3n pr\u00e1ctica de soluciones. Favorece la apertura mental, el pensamiento cr\u00edtico y el desarrollo de ideas viables alineadas al prop\u00f3sito personal.<\/span><\/p>\n<p style=\"text-align: justify;\"><span style=\"font-size: 16pt; color: #000000;\"><strong>M\u00e9todo Framing 360<\/strong><\/span><\/p>\n<p style=\"text-align: justify;\"><span style=\"color: #000000; font-size: 13pt;\">Framing360, tambi\u00e9n conocido como \u201cEncuadre 360\u201d, es un m\u00e9todo transformador que permite abordar desaf\u00edos personales o de negocios desde m\u00faltiples \u00e1ngulos, promoviendo la innovaci\u00f3n no solo desde la acci\u00f3n, sino tambi\u00e9n desde el pensamiento. Esta t\u00e9cnica trabaja la habilidad de reencuadrar situaciones a trav\u00e9s de lentes diversos y conscientes, activando nuevas formas de interpretar, decidir y avanzar. Es una herramienta de reconexi\u00f3n con el prop\u00f3sito y el contexto, fomentando decisiones m\u00e1s amplias, emp\u00e1ticas y creativas.<\/span><\/p>\n<p style=\"text-align: justify;\"><span style=\"font-size: 16pt; color: #000000;\"><strong>M\u00e9todo Openline<\/strong><\/span><\/p>\n<p style=\"text-align: justify;\"><span style=\"font-size: 13pt; color: #000000;\">Openline es un m\u00e9todo, tambi\u00e9n entendido como &#8220;Linea Abieta&#8221;, dise\u00f1ado para acompa\u00f1ar a emprendedores en la apertura de nuevas rutas de acci\u00f3n, pensamiento y visi\u00f3n, tanto en su vida como en sus proyectos. Este m\u00e9todo representa un espacio expandido, sin bloqueo, sin automatismos, donde se estimula la innovaci\u00f3n desde una actitud consciente y estrat\u00e9gica, permitiendo identificar, explorar y activar opciones latentes que, sin este proceso, podr\u00edan permanecer invisibles o reprimidas por el miedo, el h\u00e1bito o la urgencia.<\/span><\/p>\n<p style=\"text-align: justify;\"><span style=\"font-size: 16pt; color: #000000;\"><strong>M\u00e9todo Testa<\/strong><\/span><\/p>\n<p style=\"text-align: justify;\"><span style=\"font-size: 13pt; color: #000000;\">Testa es el m\u00e9todo que representa el proceso de &#8220;Testear, Explorar, Sistematizar, Transformar y Aprender&#8221;. El m\u00e9todo es un espacio guiado en donde el emprendedor puede prototipar, experimentar y fallar de manera segura, aplicando el aprendizaje de forma inmediata. Incluye el uso de experimentos simples, pruebas de concepto y validaciones r\u00e1pidas. Ideal para validar ideas sin necesidad de grandes inversiones.<\/span><\/p>\n<p style=\"text-align: justify;\"><span style=\"font-size: 16pt; color: #000000;\"><strong>M\u00e9todo Vector<\/strong><\/span><\/p>\n<p style=\"text-align: justify;\"><span style=\"font-size: 13pt; color: #000000;\">El m\u00e9todo Vector\u00a0es una herramienta del modelo que permite a los emprendedores reinterpretar y redise\u00f1ar su historia personal o de negocio a trav\u00e9s de 6 pasos: Ver, Explorar, Cortar, Transformar, Ordenar y Recrear. Su objetivo es tomar conciencia de los relatos que han condicionado la identidad y la acci\u00f3n, identificar creencias limitantes, resignificar experiencias pasadas y construir nuevas narrativas m\u00e1s alineadas con el prop\u00f3sito actual. Inspirado en enfoques de Pnl y Coaching Ontol\u00f3gico, Vector impulsa una transformaci\u00f3n profunda desde la autenticidad, facilitando mayor coherencia, motivaci\u00f3n y confianza para avanzar en la vida y en el emprendimiento.<\/span><\/p>\n<p><span style=\"font-size: 13pt; color: #000000;\"><\/span><\/p>\n\t\t\t\t\t\t\t\t<\/div>\n\t\t\t\t<\/div>\n\t\t\t\t\t<\/div>\n\t\t<\/div>\n\t\t\t\t\t<\/div>\n\t\t<\/section>\n\t\t\t\t<\/div>","protected":false},"excerpt":{"rendered":"<p>HERRAMIENTAS PR\u00c1CTICAS DE PILARES MODELO EMINDSET 3.0 &nbsp; PILAR AGILIDAD DE GESTI\u00d3N M\u00e9todo FocusPlay FocusPlay, tambi\u00e9n conocido como &#8220;Juego de Enfoque&#8221;, es una versi\u00f3n evolucionada de la cl\u00e1sica matriz de prioridades, dise\u00f1ada especialmente para para entrenar el enfoque consciente y la priorizaci\u00f3n estrat\u00e9gica de acciones, decisiones o pensamientos. El m\u00e9todo permite identificar con claridad qu\u00e9 [&hellip;]<\/p>\n","protected":false},"author":1,"featured_media":0,"parent":0,"menu_order":0,"comment_status":"closed","ping_status":"closed","template":"","meta":{"footnotes":""},"class_list":["post-10478","page","type-page","status-publish","hentry"],"_links":{"self":[{"href":"https:\/\/www.emindset30.com\/es_es\/wp-json\/wp\/v2\/pages\/10478","targetHints":{"allow":["GET"]}}],"collection":[{"href":"https:\/\/www.emindset30.com\/es_es\/wp-json\/wp\/v2\/pages"}],"about":[{"href":"https:\/\/www.emindset30.com\/es_es\/wp-json\/wp\/v2\/types\/page"}],"author":[{"embeddable":true,"href":"https:\/\/www.emindset30.com\/es_es\/wp-json\/wp\/v2\/users\/1"}],"replies":[{"embeddable":true,"href":"https:\/\/www.emindset30.com\/es_es\/wp-json\/wp\/v2\/comments?post=10478"}],"version-history":[{"count":174,"href":"https:\/\/www.emindset30.com\/es_es\/wp-json\/wp\/v2\/pages\/10478\/revisions"}],"predecessor-version":[{"id":10681,"href":"https:\/\/www.emindset30.com\/es_es\/wp-json\/wp\/v2\/pages\/10478\/revisions\/10681"}],"wp:attachment":[{"href":"https:\/\/www.emindset30.com\/es_es\/wp-json\/wp\/v2\/media?parent=10478"}],"curies":[{"name":"wp","href":"https:\/\/api.w.org\/{rel}","templated":true}]}}